{"id":67009,"date":"2022-05-02T08:16:54","date_gmt":"2022-05-02T07:16:54","guid":{"rendered":"https:\/\/alpscigar.com\/?post_type=product&#038;p=67009"},"modified":"2023-10-27T20:20:08","modified_gmt":"2023-10-27T19:20:08","slug":"davidoff-tabac-a-pipes-flake-medallions","status":"publish","type":"product","link":"https:\/\/beta.alpscigar.com\/en\/shop\/tabacs-a-pipes\/davidoff-tabac-a-pipes\/davidoff-tabac-a-pipes-flake-medallions\/","title":{"rendered":"Davidoff tabac \u00e0 pipes Flake Medallions"},"content":{"rendered":"<p>Les tabacs \u00e0 pipe Davidoff comprennent des m\u00e9langes classiques traditionnels et des saveurs \u00e9l\u00e9gantes et invitantes.\u00a0Une pipe remplie de tabac Davidoff remplit magnifiquement le temps.\u00a0Chaque s\u00e9lection est organis\u00e9e pour le plaisir ultime et sophistiqu\u00e9.\u00a0Un m\u00e9lange danois classique exceptionnel, produit \u00e0 partir des meilleurs tabacs de Virginie et de Burley, enrichi d&rsquo;une nuance de Black Cavendish grill\u00e9.\u00a0Coupe moyenne.\u00a0L&rsquo;ar\u00f4me de tabac typique et richement \u00e9quilibr\u00e9 se d\u00e9veloppe en un parfum extraordinaire qui remplit l&rsquo;environnement du fumeur d&rsquo;un parfum d\u00e9licieux.<\/p>\n<p>Fabriqu\u00e9 au Danemark.<\/p>","protected":false},"excerpt":{"rendered":"<p>1 bo\u00eete de tabac \u00e0 pipes Davidoff.<\/p>","protected":false},"featured_media":67007,"template":"","meta":{"_acf_changed":false},"product_cat":[29760,30017,21990],"product_tag":[],"bundled_by":[],"bundle_stock_status":"instock","bundle_stock_quantity":null,"bundle_virtual":false,"bundle_layout":"","bundle_add_to_cart_form_location":"","bundle_editable_in_cart":false,"bundle_sold_individually_context":"","bundle_item_grouping":"","bundle_min_size":"","bundle_max_size":"","bundled_items":[],"acf":[],"_links":{"self":[{"href":"https:\/\/beta.alpscigar.com\/en\/wp-json\/wp\/v2\/product\/67009"}],"collection":[{"href":"https:\/\/beta.alpscigar.com\/en\/wp-json\/wp\/v2\/product"}],"about":[{"href":"https:\/\/beta.alpscigar.com\/en\/wp-json\/wp\/v2\/types\/product"}],"wp:featuredmedia":[{"embeddable":true,"href":"https:\/\/beta.alpscigar.com\/en\/wp-json\/wp\/v2\/media\/67007"}],"wp:attachment":[{"href":"https:\/\/beta.alpscigar.com\/en\/wp-json\/wp\/v2\/media?parent=67009"}],"wp:term":[{"taxonomy":"product_cat","embeddable":true,"href":"https:\/\/beta.alpscigar.com\/en\/wp-json\/wp\/v2\/product_cat?post=67009"},{"taxonomy":"product_tag","embeddable":true,"href":"https:\/\/beta.alpscigar.com\/en\/wp-json\/wp\/v2\/product_tag?post=67009"}],"curies":[{"name":"wp","href":"https:\/\/api.w.org\/{rel}","templated":true}]}}