{"id":67056,"date":"2022-05-02T08:24:30","date_gmt":"2022-05-02T07:24:30","guid":{"rendered":"https:\/\/alpscigar.com\/?post_type=product&#038;p=67056"},"modified":"2023-11-02T15:25:46","modified_gmt":"2023-11-02T14:25:46","slug":"rhum-cuvee-homere-clement-44-70cl","status":"publish","type":"product","link":"https:\/\/beta.alpscigar.com\/en\/shop\/alcools\/rhum\/clement\/rhum-cuvee-homere-clement-44-70cl\/","title":{"rendered":"Rhum Cuv\u00e9e Hom\u00e8re Cl\u00e9ment 44% 70cl"},"content":{"rendered":"<p>Le Rhum Cuv&eacute;e Hom&egrave;re Cl&eacute;ment 44% est une v&eacute;ritable r&eacute;f&eacute;rence parmi les rhum agricoles, Cl&eacute;ment utilise pour sa Cuv&eacute;e Hom&egrave;re ses plus belles et plus anciennes pi&egrave;ces. La puissance et la complexit&eacute; d&rsquo;un &laquo; pur jus de canne &raquo; ne pouvait pas trouver meilleur ambassadeur que cet embouteillage, hommage &agrave; une des figures embl&eacute;matiques de la Martinique. Les amateurs de vitoles au caract&egrave;re affirm&eacute; appr&eacute;cieront cet accord des plus concluants.<\/p>","protected":false},"excerpt":{"rendered":"<p><span>1 bouteille de 70cl.<\/span><\/p>","protected":false},"featured_media":67054,"template":"","meta":{"_acf_changed":false},"product_cat":[25246,29744,29991],"product_tag":[],"bundled_by":[],"bundle_stock_status":"outofstock","bundle_stock_quantity":0,"bundle_virtual":false,"bundle_layout":"","bundle_add_to_cart_form_location":"","bundle_editable_in_cart":false,"bundle_sold_individually_context":"","bundle_item_grouping":"","bundle_min_size":"","bundle_max_size":"","bundled_items":[],"acf":[],"_links":{"self":[{"href":"https:\/\/beta.alpscigar.com\/en\/wp-json\/wp\/v2\/product\/67056"}],"collection":[{"href":"https:\/\/beta.alpscigar.com\/en\/wp-json\/wp\/v2\/product"}],"about":[{"href":"https:\/\/beta.alpscigar.com\/en\/wp-json\/wp\/v2\/types\/product"}],"wp:featuredmedia":[{"embeddable":true,"href":"https:\/\/beta.alpscigar.com\/en\/wp-json\/wp\/v2\/media\/67054"}],"wp:attachment":[{"href":"https:\/\/beta.alpscigar.com\/en\/wp-json\/wp\/v2\/media?parent=67056"}],"wp:term":[{"taxonomy":"product_cat","embeddable":true,"href":"https:\/\/beta.alpscigar.com\/en\/wp-json\/wp\/v2\/product_cat?post=67056"},{"taxonomy":"product_tag","embeddable":true,"href":"https:\/\/beta.alpscigar.com\/en\/wp-json\/wp\/v2\/product_tag?post=67056"}],"curies":[{"name":"wp","href":"https:\/\/api.w.org\/{rel}","templated":true}]}}