{"id":67202,"date":"2022-05-02T08:45:14","date_gmt":"2022-05-02T07:45:14","guid":{"rendered":"https:\/\/alpscigar.com\/?post_type=product&#038;p=67202"},"modified":"2023-11-06T11:28:57","modified_gmt":"2023-11-06T10:28:57","slug":"ron-zacapa-no-23-gran-reserva-sistema-solera","status":"publish","type":"product","link":"https:\/\/beta.alpscigar.com\/en\/shop\/alcools\/rhum\/ron-zacapa\/ron-zacapa-no-23-gran-reserva-sistema-solera\/","title":{"rendered":"Ron Zacapa No.23 Gran Reserva Sistema Solera"},"content":{"rendered":"<p>Le rhum Ron Zacapa No.23 Gran Reserva Sistema Solera 23 ans est une production qui vous est ici propos\u00e9e au format de 70cl. Ce rhum est le r\u00e9sultat ultime d\u2019un\u00a0assemblage\u00a0sp\u00e9cial de rhums &lsquo;a\u00f1ejos&rsquo; &#8211; rhums vieux &#8211; et de rhums doux. Son tr\u00e8s long vieillissement cache la note alcoolis\u00e9e, permettant une v\u00e9ritable explosion des ar\u00f4mes et des saveurs.<\/p>\n<p>L&rsquo;habillage de feuille de palme royale tress\u00e9e \u00e0 la main permet d&rsquo;identifier facilement ce rhum, belle illustration du plus fin et d\u00e9licat\u00a0artisanat\u00a0guat\u00e9malt\u00e8que.<\/p>\n<h4>NOTE DE D\u00c9GUSTATION<\/h4>\n<p><strong>Nez : <\/strong>Le nez de ce rhum exprime un bouquet digne des plus grands cognacs o\u00f9 se d\u00e9voilent les notes subtiles de ch\u00eanes fum\u00e9s. Les connaisseurs surnomment le rhum Zacapa, le Cognac des rhums.<br \/>\n<strong>Bouche : <\/strong>Au palais, ce 23 ans d&rsquo;\u00e2ge exprime des saveurs moins toast\u00e9es, de vanille et d\u2019\u00e9pices, toutes remarquablement \u00e9quilibr\u00e9es.<br \/>\n<strong>Finale : <\/strong><\/p>","protected":false},"excerpt":{"rendered":"<p>1 bouteille de 70cl.<\/p>","protected":false},"featured_media":67201,"template":"","meta":{"_acf_changed":false},"product_cat":[25246,29991,29996],"product_tag":[],"bundled_by":[],"bundle_stock_status":"instock","bundle_stock_quantity":null,"bundle_virtual":false,"bundle_layout":"","bundle_add_to_cart_form_location":"","bundle_editable_in_cart":false,"bundle_sold_individually_context":"","bundle_item_grouping":"","bundle_min_size":"","bundle_max_size":"","bundled_items":[],"acf":[],"_links":{"self":[{"href":"https:\/\/beta.alpscigar.com\/en\/wp-json\/wp\/v2\/product\/67202"}],"collection":[{"href":"https:\/\/beta.alpscigar.com\/en\/wp-json\/wp\/v2\/product"}],"about":[{"href":"https:\/\/beta.alpscigar.com\/en\/wp-json\/wp\/v2\/types\/product"}],"wp:featuredmedia":[{"embeddable":true,"href":"https:\/\/beta.alpscigar.com\/en\/wp-json\/wp\/v2\/media\/67201"}],"wp:attachment":[{"href":"https:\/\/beta.alpscigar.com\/en\/wp-json\/wp\/v2\/media?parent=67202"}],"wp:term":[{"taxonomy":"product_cat","embeddable":true,"href":"https:\/\/beta.alpscigar.com\/en\/wp-json\/wp\/v2\/product_cat?post=67202"},{"taxonomy":"product_tag","embeddable":true,"href":"https:\/\/beta.alpscigar.com\/en\/wp-json\/wp\/v2\/product_tag?post=67202"}],"curies":[{"name":"wp","href":"https:\/\/api.w.org\/{rel}","templated":true}]}}