{"id":67295,"date":"2022-05-02T08:57:08","date_gmt":"2022-05-02T07:57:08","guid":{"rendered":"https:\/\/alpscigar.com\/?post_type=product&#038;p=67295"},"modified":"2023-11-27T10:31:21","modified_gmt":"2023-11-27T09:31:21","slug":"torin-double-punch-alu","status":"publish","type":"product","link":"https:\/\/beta.alpscigar.com\/en\/shop\/cigars-accessories\/coupe-cigares\/torin\/torin-double-punch-alu\/","title":{"rendered":"Torin Double Punch Alu"},"content":{"rendered":"<p>Visit <strong>Torin Double Punch Alu<\/strong> est le r\u00e9sultat d&rsquo;innombrables tentatives pour produire une perforatrice qui perce proprement le cigare sans endommager la cape.<\/p>\n<p>Les lames sont en acier inoxydable durci 60-64 Rockwell et la technique de meulage sp\u00e9ciale cr\u00e9e une fosse qui perce le cigare avec une facilit\u00e9 que vous n&rsquo;avez jamais connue auparavant. Le corps en aluminium l\u00e9ger et les lames de 10 mm et 12 mm de diam\u00e8tre font du <strong>Torin Double Punch Alu<\/strong> le compagnon id\u00e9al des amateurs de cigares.<\/p>\n<p>100% fabriqu\u00e9 en Suisse.<\/p>","protected":false},"excerpt":{"rendered":"<p>1 coupe-cigare emporte pi\u00e8ce.<\/p>","protected":false},"featured_media":67292,"template":"","meta":{"_acf_changed":false},"product_cat":[29754,30027,16870],"product_tag":[],"bundled_by":[],"bundle_stock_status":"instock","bundle_stock_quantity":null,"bundle_virtual":false,"bundle_layout":"","bundle_add_to_cart_form_location":"","bundle_editable_in_cart":false,"bundle_sold_individually_context":"","bundle_item_grouping":"","bundle_min_size":"","bundle_max_size":"","bundled_items":[],"acf":[],"_links":{"self":[{"href":"https:\/\/beta.alpscigar.com\/en\/wp-json\/wp\/v2\/product\/67295"}],"collection":[{"href":"https:\/\/beta.alpscigar.com\/en\/wp-json\/wp\/v2\/product"}],"about":[{"href":"https:\/\/beta.alpscigar.com\/en\/wp-json\/wp\/v2\/types\/product"}],"wp:featuredmedia":[{"embeddable":true,"href":"https:\/\/beta.alpscigar.com\/en\/wp-json\/wp\/v2\/media\/67292"}],"wp:attachment":[{"href":"https:\/\/beta.alpscigar.com\/en\/wp-json\/wp\/v2\/media?parent=67295"}],"wp:term":[{"taxonomy":"product_cat","embeddable":true,"href":"https:\/\/beta.alpscigar.com\/en\/wp-json\/wp\/v2\/product_cat?post=67295"},{"taxonomy":"product_tag","embeddable":true,"href":"https:\/\/beta.alpscigar.com\/en\/wp-json\/wp\/v2\/product_tag?post=67295"}],"curies":[{"name":"wp","href":"https:\/\/api.w.org\/{rel}","templated":true}]}}