{"id":67389,"date":"2022-05-02T09:01:17","date_gmt":"2022-05-02T08:01:17","guid":{"rendered":"https:\/\/alpscigar.com\/?post_type=product&#038;p=67389"},"modified":"2023-11-03T16:36:42","modified_gmt":"2023-11-03T15:36:42","slug":"tatuaje-regios-25","status":"publish","type":"product","link":"https:\/\/beta.alpscigar.com\/en\/shop\/nicaraguan-cigars\/tatuaje\/tatuaje-regios-25\/","title":{"rendered":"Tatuaje Regios (25)"},"content":{"rendered":"<p>Tatuaje Regios, l&rsquo;un des cigares les plus chauds des \u00c9tats-Unis, a \u00e9t\u00e9 cr\u00e9\u00e9 par Pete Johnson et fabriqu\u00e9 par Pepin Garcia dans son usine de Little Havana, \u00e0 Miami. Le Tatuaje Regios est un Robusto de 139.7 mm de long par 19.84 mm de diam\u00e8tre, fabriqu\u00e9 exclusivement \u00e0 partir de tabacs nicaraguayens et con\u00e7u dans la tradition cubaine. La fum\u00e9e est moyennement cors\u00e9e avec des tons bois\u00e9s, de c\u00e8dres et des notes d&rsquo;\u00e9pices et de chocolat. Une fum\u00e9e tr\u00e8s d\u00e9licieuse.<\/p>","protected":false},"excerpt":{"rendered":"<p>Box of 25 cigars.<\/p>","protected":false},"featured_media":67388,"template":"","meta":{"_acf_changed":false},"product_cat":[30018,24791,24638,24035],"product_tag":[],"bundled_by":[],"bundle_stock_status":"instock","bundle_stock_quantity":null,"bundle_virtual":false,"bundle_layout":"","bundle_add_to_cart_form_location":"","bundle_editable_in_cart":false,"bundle_sold_individually_context":"","bundle_item_grouping":"","bundle_min_size":"","bundle_max_size":"","bundled_items":[],"acf":[],"_links":{"self":[{"href":"https:\/\/beta.alpscigar.com\/en\/wp-json\/wp\/v2\/product\/67389"}],"collection":[{"href":"https:\/\/beta.alpscigar.com\/en\/wp-json\/wp\/v2\/product"}],"about":[{"href":"https:\/\/beta.alpscigar.com\/en\/wp-json\/wp\/v2\/types\/product"}],"wp:featuredmedia":[{"embeddable":true,"href":"https:\/\/beta.alpscigar.com\/en\/wp-json\/wp\/v2\/media\/67388"}],"wp:attachment":[{"href":"https:\/\/beta.alpscigar.com\/en\/wp-json\/wp\/v2\/media?parent=67389"}],"wp:term":[{"taxonomy":"product_cat","embeddable":true,"href":"https:\/\/beta.alpscigar.com\/en\/wp-json\/wp\/v2\/product_cat?post=67389"},{"taxonomy":"product_tag","embeddable":true,"href":"https:\/\/beta.alpscigar.com\/en\/wp-json\/wp\/v2\/product_tag?post=67389"}],"curies":[{"name":"wp","href":"https:\/\/api.w.org\/{rel}","templated":true}]}}