{"id":67401,"date":"2022-05-02T09:01:48","date_gmt":"2022-05-02T08:01:48","guid":{"rendered":"https:\/\/alpscigar.com\/?post_type=product&#038;p=67401"},"modified":"2023-11-03T16:36:52","modified_gmt":"2023-11-03T15:36:52","slug":"tatuaje-fausto-ft-127-25","status":"publish","type":"product","link":"https:\/\/beta.alpscigar.com\/en\/shop\/nicaraguan-cigars\/tatuaje\/tatuaje-fausto-ft-127-25\/","title":{"rendered":"Tatuaje Fausto FT 127 (25)"},"content":{"rendered":"<p>Pr\u00e9sent\u00e9e comme l&rsquo;une des marques les plus cors\u00e9es du portefeuille Tatuaje. Fausto a commenc\u00e9 comme un m\u00e9lange priv\u00e9 pour un d\u00e9taillant hawa\u00efen, mais est devenu une gamme commerciale compl\u00e8te, tirant son nom d&rsquo;une marque de cigares cubains vintage abandonn\u00e9e. L&rsquo;image cornue de M\u00e9phistoph\u00e9l\u00e8s br\u00fbl\u00e9e dans le couvercle du cabinet fait \u00e9cho \u00e0 l&rsquo;art de la bo\u00eete d&rsquo;origine et fait r\u00e9f\u00e9rence \u00e0 l&rsquo;histoire du Dr Faustus, un savant ambitieux qui a vendu son \u00e2me au diable.<\/p>\n<p>Les bandes qui ornent chaque cigare rappellent le design \u00ab\u00a0rose blanche\u00a0\u00bb longtemps retir\u00e9 des cigares cubains Dunhill vintage, bien que la palette de couleurs ait \u00e9t\u00e9 modifi\u00e9e pour correspondre \u00e0 la personnalit\u00e9 de la nouvelle marque.<\/p>\n<p>Le Tatuaje Fausto FT 127 est copieux et audacieux avec de lourdes notes de noyer et beaucoup d&rsquo;\u00e9pices franches en bouche. Des touches de douceur et de min\u00e9ralit\u00e9 \u00e9quilibrent ce robusto sombre et solidement roul\u00e9.<\/p>","protected":false},"excerpt":{"rendered":"<p>Box of 25 cigars.<\/p>","protected":false},"featured_media":67400,"template":"","meta":{"_acf_changed":false},"product_cat":[30018,24791,24638,24035],"product_tag":[],"bundled_by":[],"bundle_stock_status":"instock","bundle_stock_quantity":null,"bundle_virtual":false,"bundle_layout":"","bundle_add_to_cart_form_location":"","bundle_editable_in_cart":false,"bundle_sold_individually_context":"","bundle_item_grouping":"","bundle_min_size":"","bundle_max_size":"","bundled_items":[],"acf":[],"_links":{"self":[{"href":"https:\/\/beta.alpscigar.com\/en\/wp-json\/wp\/v2\/product\/67401"}],"collection":[{"href":"https:\/\/beta.alpscigar.com\/en\/wp-json\/wp\/v2\/product"}],"about":[{"href":"https:\/\/beta.alpscigar.com\/en\/wp-json\/wp\/v2\/types\/product"}],"wp:featuredmedia":[{"embeddable":true,"href":"https:\/\/beta.alpscigar.com\/en\/wp-json\/wp\/v2\/media\/67400"}],"wp:attachment":[{"href":"https:\/\/beta.alpscigar.com\/en\/wp-json\/wp\/v2\/media?parent=67401"}],"wp:term":[{"taxonomy":"product_cat","embeddable":true,"href":"https:\/\/beta.alpscigar.com\/en\/wp-json\/wp\/v2\/product_cat?post=67401"},{"taxonomy":"product_tag","embeddable":true,"href":"https:\/\/beta.alpscigar.com\/en\/wp-json\/wp\/v2\/product_tag?post=67401"}],"curies":[{"name":"wp","href":"https:\/\/api.w.org\/{rel}","templated":true}]}}