{"id":67417,"date":"2022-05-02T09:04:52","date_gmt":"2022-05-02T08:04:52","guid":{"rendered":"https:\/\/alpscigar.com\/?post_type=product&#038;p=67417"},"modified":"2023-08-31T14:16:34","modified_gmt":"2023-08-31T13:16:34","slug":"s-t-dupont-briquet-picasso-dove-ligne-2","status":"publish","type":"product","link":"https:\/\/beta.alpscigar.com\/en\/shop\/cigars-accessories\/objets-dexception\/briquets-objets-dexception-objets-dexception\/s-t-dupont-briquet-picasso-dove-ligne-2\/","title":{"rendered":"S.T. Dupont briquet Picasso Dove Ligne 2"},"content":{"rendered":"<p>Le S.T. Dupont Briquet Picasso Dove Ligne 2 est en laque naturelle noire et blanche avec le motif \u00ab Dove \u00bb par Picasso.<\/p>\n<p>Cette Edition limit\u00e9e \u00ab Dove of Peace \u00bb met \u00e0 l\u2019honneur \u00e0 nouveau l\u2019un des artistes les plus influents du XX\u00e8me si\u00e8cle, Pablo Picasso, connu pour \u00eatre un fervent utilisateur des briquets S.T. Dupont.<\/p>\n<p>S.T. Dupont r\u00e9unit ici au travers de l\u2019une des \u0153uvres les plus connues de Picasso : la vie, l\u2019espoir et l\u2019h\u00e9ritage de Picasso, par la Colombe de la paix. \u00c0 l\u2019occasion de la premi\u00e8re Conf\u00e9rence internationale de la paix \u00e0 Paris en 1949, Picasso a choisi d\u2019offrir un tableau repr\u00e9sentant une colombe blanche. Ce croquis au trait simple et trompeur d\u2019une colombe est devenu l\u2019une des images de paix et d\u2019espoir la plus symbolique du monde.<\/p>\n<p>Cette Collection \u00ab Dove of Peace \u00bb rend hommage \u00e0 l\u2019\u0153uvre de Picasso qui par un simple dessin r\u00e9ussi \u00e0 capturer un symbole fort. Chaque pi\u00e8ce de la collection est limit\u00e9e \u00e0 1950 pi\u00e8ces et se compose d\u2019instruments \u00e0 \u00e9crire de la ligne Line D large, et des Briquets Ligne 2 et Slim 7. Le dessin de la Colombe est d\u00e9licatement grav\u00e9 en noir sur un fond de laque naturelle blanche o\u00f9 la signature de Picasso est \u00e9galement pr\u00e9sente. Le stylo-plume, roller, et le stylo \u00e0 bille en hommage \u00e0 l\u2019Homme sont \u00e9galement grav\u00e9s de la signature de Picasso.<\/p>","protected":false},"excerpt":{"rendered":"<p>1 Briquet &#8211; S\u00e9rie Limit\u00e9e.<\/p>","protected":false},"featured_media":67415,"template":"","meta":{"_acf_changed":false},"product_cat":[30111,29913,30102,29946,16870,21651,21649],"product_tag":[],"bundled_by":[],"bundle_stock_status":"outofstock","bundle_stock_quantity":0,"bundle_virtual":false,"bundle_layout":"","bundle_add_to_cart_form_location":"","bundle_editable_in_cart":false,"bundle_sold_individually_context":"","bundle_item_grouping":"","bundle_min_size":"","bundle_max_size":"","bundled_items":[],"acf":[],"_links":{"self":[{"href":"https:\/\/beta.alpscigar.com\/en\/wp-json\/wp\/v2\/product\/67417"}],"collection":[{"href":"https:\/\/beta.alpscigar.com\/en\/wp-json\/wp\/v2\/product"}],"about":[{"href":"https:\/\/beta.alpscigar.com\/en\/wp-json\/wp\/v2\/types\/product"}],"wp:featuredmedia":[{"embeddable":true,"href":"https:\/\/beta.alpscigar.com\/en\/wp-json\/wp\/v2\/media\/67415"}],"wp:attachment":[{"href":"https:\/\/beta.alpscigar.com\/en\/wp-json\/wp\/v2\/media?parent=67417"}],"wp:term":[{"taxonomy":"product_cat","embeddable":true,"href":"https:\/\/beta.alpscigar.com\/en\/wp-json\/wp\/v2\/product_cat?post=67417"},{"taxonomy":"product_tag","embeddable":true,"href":"https:\/\/beta.alpscigar.com\/en\/wp-json\/wp\/v2\/product_tag?post=67417"}],"curies":[{"name":"wp","href":"https:\/\/api.w.org\/{rel}","templated":true}]}}