{"id":67568,"date":"2022-05-02T09:16:47","date_gmt":"2022-05-02T08:16:47","guid":{"rendered":"https:\/\/alpscigar.com\/?post_type=product&#038;p=67568"},"modified":"2023-12-08T00:36:13","modified_gmt":"2023-12-07T23:36:13","slug":"vent-daubrac-couteau-collection-ebene-molletonne-a-la-main-orne-de-fil-dargent","status":"publish","type":"product","link":"https:\/\/beta.alpscigar.com\/en\/shop\/cigars-accessories\/objets-dexception\/couteaux-dexception\/vent-daubrac-couteau-collection-ebene-molletonne-a-la-main-orne-de-fil-dargent\/","title":{"rendered":"Vent d'Aubrac Collection knife ebony, hand-finished with silver thread"},"content":{"rendered":"<p>Un couteau somptueux, la pi\u00e8ce unique qu&rsquo;il faut avoir si on veut se faire plaisir ! Couteau pliant fabriqu\u00e9 par un Meilleur Ouvrier de France. <strong>La lame est en acier Sandvik 14C28 brillant.<\/strong> Le couteau Vent d&rsquo;Aubrac \u00e0 le manche en \u00e9b\u00e8ne, il est <strong>molletonn\u00e9 \u00e0 la main,<\/strong> chaque particule est taill\u00e9e minutieusement et est ensuite orn\u00e9e <strong>de poin\u00e7ons de fil d&rsquo;argent.<\/strong> Le guillochage du ressort acier du manche est aussi soigneusement d\u00e9cor\u00e9 \u00e0 la main, et les mitres sont grav\u00e9es: un tr\u00e8s long travail architectural pour en faire cette oeuvre d&rsquo;art pour un passionn\u00e9 !<\/p>\n<p><strong>Garanti fait main \u00e0 l&rsquo;ancienne. chaque mod\u00e8le est unique, poin\u00e7onn\u00e9 et num\u00e9rot\u00e9, livr\u00e9 avec certificat d&rsquo;authenticit\u00e9.<\/strong><\/p>\n<p>Couteau collection Eb\u00e8ne, garni de fil d&rsquo;argent.<\/p>\n<p><strong>Pr\u00e9sentation :<\/strong><\/p>\n<ul>\n<li>Couteau \u00ab\u00a0pi\u00e8ce unique\u00a0\u00bb et rare<\/li>\n<li>manche en \u00e9b\u00e8ne 1er choix<\/li>\n<\/ul>\n<p><strong>M\u00e9canisme :<\/strong><\/p>\n<ul>\n<li>Pliant, traditionnel sans blocage de lame<\/li>\n<\/ul>\n<p><strong>Qualit\u00e9 acier et mati\u00e8re :<\/strong><\/p>\n<ul>\n<li>Lame et mitres : acier inoxydable su\u00e9dois 14C28, duret\u00e9 58-59Hrc<\/li>\n<li>mitres grav\u00e9es<\/li>\n<li>Longueur ouvert: 22 cm (12 cm ferm\u00e9)<\/li>\n<li>manche hauteur 1.8 cm (bord lame) \u00e0 2.2 cm (extr\u00e9mit\u00e9 du manche), \u00e9paisseur 1.3 cm<\/li>\n<li>Poids 125 gr.<\/li>\n<li>Ressorts guilloch\u00e9s (cisel\u00e9s, lim\u00e9s) \u00e0 la main. Lame et aciers meul\u00e9s et polis au cuir de buffle, tr\u00e8s soigneusement par des professionnels MOF*, ce qui garantit une qualit\u00e9 et une finesse de tranchant.<\/li>\n<\/ul>\n<p>*Meilleur Ouvrier de France<\/p>\n<p><strong>Accessoire :<\/strong><\/p>\n<ul>\n<li>livr\u00e9 avec coffret carton et \u00e9tui cuir<\/li>\n<\/ul>\n<p><strong>Origine :<\/strong><\/p>\n<p>Coutelier Vent d&rsquo;Aubrac &#8211; Laguiole, Ma\u00eetre Artisan dipl\u00f4m\u00e9<\/p>","protected":false},"excerpt":{"rendered":"<p>1 ebony collection knife.<\/p>","protected":false},"featured_media":67564,"template":"","meta":{"_acf_changed":false},"product_cat":[29755,29946,30041,16870],"product_tag":[],"bundled_by":[],"bundle_stock_status":"instock","bundle_stock_quantity":null,"bundle_virtual":false,"bundle_layout":"","bundle_add_to_cart_form_location":"","bundle_editable_in_cart":false,"bundle_sold_individually_context":"","bundle_item_grouping":"","bundle_min_size":"","bundle_max_size":"","bundled_items":[],"acf":[],"_links":{"self":[{"href":"https:\/\/beta.alpscigar.com\/en\/wp-json\/wp\/v2\/product\/67568"}],"collection":[{"href":"https:\/\/beta.alpscigar.com\/en\/wp-json\/wp\/v2\/product"}],"about":[{"href":"https:\/\/beta.alpscigar.com\/en\/wp-json\/wp\/v2\/types\/product"}],"wp:featuredmedia":[{"embeddable":true,"href":"https:\/\/beta.alpscigar.com\/en\/wp-json\/wp\/v2\/media\/67564"}],"wp:attachment":[{"href":"https:\/\/beta.alpscigar.com\/en\/wp-json\/wp\/v2\/media?parent=67568"}],"wp:term":[{"taxonomy":"product_cat","embeddable":true,"href":"https:\/\/beta.alpscigar.com\/en\/wp-json\/wp\/v2\/product_cat?post=67568"},{"taxonomy":"product_tag","embeddable":true,"href":"https:\/\/beta.alpscigar.com\/en\/wp-json\/wp\/v2\/product_tag?post=67568"}],"curies":[{"name":"wp","href":"https:\/\/api.w.org\/{rel}","templated":true}]}}