{"id":67574,"date":"2022-05-02T09:17:02","date_gmt":"2022-05-02T08:17:02","guid":{"rendered":"https:\/\/alpscigar.com\/?post_type=product&#038;p=67574"},"modified":"2023-12-08T00:36:14","modified_gmt":"2023-12-07T23:36:14","slug":"vent-daubrac-couteau-laguiole-os-et-ebene-damas-200-couches","status":"publish","type":"product","link":"https:\/\/beta.alpscigar.com\/en\/shop\/cigars-accessories\/objets-dexception\/couteaux-dexception\/vent-daubrac-couteau-laguiole-os-et-ebene-damas-200-couches\/","title":{"rendered":"Vent d'Aubrac Laguiole knife bone and ebony, Damascus 200 layers"},"content":{"rendered":"<p>Vent d&rsquo;Aubrac Couteau Laguiole en os et \u00e9b\u00e8ne, une pi\u00e8ce d&rsquo;exception dont la lame en acier Sandvik 14C28 est forg\u00e9e de 200 couches par un Meilleur Ouvrier de France, lui donnant un aspect fonc\u00e9 et \u00ab\u00a0brut\u00a0\u00bb. Le ressort et l&rsquo;abeille sont forg\u00e9s et guilloch\u00e9s, soigneusement d\u00e9cor\u00e9s \u00e0 la main: <strong>Une finesse rare !<\/strong> Un tr\u00e8s long travail architectural pour en faire cette oeuvre d&rsquo;art pour un passionn\u00e9 de beau couteau Laguiole.<\/p>\n<p><strong>De fabrication fran\u00e7aise et artisanale. Garanti fait main \u00e0 l&rsquo;ancienne.<\/strong><\/p>\n<p><strong>Chaque mod\u00e8le est unique, poin\u00e7onn\u00e9 et num\u00e9rot\u00e9, livr\u00e9 avec certificat d&rsquo;authenticit\u00e9.<\/strong><\/p>\n<p><strong>Pr\u00e9sentation :<\/strong><\/p>\n<ul>\n<li>Couteau Laguiole<\/li>\n<li>Manche en bois d\u2019\u00e9b\u00e8ne 1er choix<\/li>\n<\/ul>\n<p><strong>M\u00e9canisme :<\/strong><\/p>\n<ul>\n<li>Pliant, traditionnel sans blocage de lame<\/li>\n<\/ul>\n<p><strong>Qualit\u00e9 acier et mati\u00e8re :<\/strong><\/p>\n<ul>\n<li>Lame : acier inoxydable su\u00e9dois 14C28N \u00e9p 3 mm au talon, duret\u00e9 58-59Hrc<\/li>\n<li>Lame damas 200 couches (superpositions \u00e0 chaud de couches de carbone et acier).<\/li>\n<li>Longueur ouvert: 22 cm (12 cm ferm\u00e9)<\/li>\n<li>Manche \u00e9paisseur 1.7cm<\/li>\n<li>Poids 95 gr.<\/li>\n<li>Ressort guilloch\u00e9 (cisel\u00e9s, lim\u00e9s) \u00e0 la main. Abeilles lim\u00e9es, lames meul\u00e9es et polies au cuir de buffle, tr\u00e8s soigneusement par des professionnels MOF*, ce qui garantit une qualit\u00e9 et une finesse de tranchant.<\/li>\n<\/ul>\n<p>*Meilleur Ouvrier de France<\/p>\n<p><strong>Accessoire :<\/strong><\/p>\n<p>livr\u00e9 avec coffret carton et \u00e9tui cuir<\/p>\n<p><strong>Origine :<\/strong><\/p>\n<p>Coutelier Vent d&rsquo;Aubrac &#8211; Laguiole, Ma\u00eetre Artisan dipl\u00f4m\u00e9<\/p>","protected":false},"excerpt":{"rendered":"<p>1 ebony collection knife.<\/p>","protected":false},"featured_media":67569,"template":"","meta":{"_acf_changed":false},"product_cat":[29755,29946,30041,16870],"product_tag":[],"bundled_by":[],"bundle_stock_status":"instock","bundle_stock_quantity":null,"bundle_virtual":false,"bundle_layout":"","bundle_add_to_cart_form_location":"","bundle_editable_in_cart":false,"bundle_sold_individually_context":"","bundle_item_grouping":"","bundle_min_size":"","bundle_max_size":"","bundled_items":[],"acf":[],"_links":{"self":[{"href":"https:\/\/beta.alpscigar.com\/en\/wp-json\/wp\/v2\/product\/67574"}],"collection":[{"href":"https:\/\/beta.alpscigar.com\/en\/wp-json\/wp\/v2\/product"}],"about":[{"href":"https:\/\/beta.alpscigar.com\/en\/wp-json\/wp\/v2\/types\/product"}],"wp:featuredmedia":[{"embeddable":true,"href":"https:\/\/beta.alpscigar.com\/en\/wp-json\/wp\/v2\/media\/67569"}],"wp:attachment":[{"href":"https:\/\/beta.alpscigar.com\/en\/wp-json\/wp\/v2\/media?parent=67574"}],"wp:term":[{"taxonomy":"product_cat","embeddable":true,"href":"https:\/\/beta.alpscigar.com\/en\/wp-json\/wp\/v2\/product_cat?post=67574"},{"taxonomy":"product_tag","embeddable":true,"href":"https:\/\/beta.alpscigar.com\/en\/wp-json\/wp\/v2\/product_tag?post=67574"}],"curies":[{"name":"wp","href":"https:\/\/api.w.org\/{rel}","templated":true}]}}