{"id":67642,"date":"2022-05-02T09:32:33","date_gmt":"2022-05-02T08:32:33","guid":{"rendered":"https:\/\/alpscigar.com\/?post_type=product&#038;p=67642"},"modified":"2023-11-27T10:31:15","modified_gmt":"2023-11-27T09:31:15","slug":"xikar-cigar-travel-humidor-noir-60-cigares","status":"publish","type":"product","link":"https:\/\/beta.alpscigar.com\/en\/shop\/humidors\/xikar-humidors\/xikar-cigar-travel-humidor-noir-60-cigares\/","title":{"rendered":"XIKAR Cigar Travel Humidor Noir 60 cigares"},"content":{"rendered":"<p>Humidor XIKAR Cigar Travel Noir 60 cigares, des produits alliant qualit\u00e9 et conception robuste.<\/p>\n<ul>\n<li><span class=\"a-list-item\">Peut contenir jusqu&rsquo;\u00e0 60 cigares, comprend 1 humidificateur<\/span><\/li>\n<li><span class=\"a-list-item\">La construction en plastique moul\u00e9 ABS ultra-solide le rend \u00e9tanche \u00e0 l&rsquo;air, \u00e0 l&rsquo;eau et \u00e0 l&rsquo;\u00e9crasement<\/span><\/li>\n<li><span class=\"a-list-item\">Charni\u00e8re et charni\u00e8res de verrouillage en acier inoxydable et anneau de verrouillage moul\u00e9 pour plus de s\u00e9curit\u00e9<\/span><\/li>\n<li><span class=\"a-list-item\">La mousse d&rsquo;ur\u00e9thane haute densit\u00e9 berce et prot\u00e8ge vos cigares<\/span><\/li>\n<li><span class=\"a-list-item\">Cadeau parfait pour les amateurs de cigares<\/span><\/li>\n<\/ul>","protected":false},"excerpt":{"rendered":"<p>1 Humidor de voyage pour 60 cigares.<\/p>","protected":false},"featured_media":67639,"template":"","meta":{"_acf_changed":false},"product_cat":[30049,16841],"product_tag":[],"bundled_by":[],"bundle_stock_status":"instock","bundle_stock_quantity":null,"bundle_virtual":false,"bundle_layout":"","bundle_add_to_cart_form_location":"","bundle_editable_in_cart":false,"bundle_sold_individually_context":"","bundle_item_grouping":"","bundle_min_size":"","bundle_max_size":"","bundled_items":[],"acf":[],"_links":{"self":[{"href":"https:\/\/beta.alpscigar.com\/en\/wp-json\/wp\/v2\/product\/67642"}],"collection":[{"href":"https:\/\/beta.alpscigar.com\/en\/wp-json\/wp\/v2\/product"}],"about":[{"href":"https:\/\/beta.alpscigar.com\/en\/wp-json\/wp\/v2\/types\/product"}],"wp:featuredmedia":[{"embeddable":true,"href":"https:\/\/beta.alpscigar.com\/en\/wp-json\/wp\/v2\/media\/67639"}],"wp:attachment":[{"href":"https:\/\/beta.alpscigar.com\/en\/wp-json\/wp\/v2\/media?parent=67642"}],"wp:term":[{"taxonomy":"product_cat","embeddable":true,"href":"https:\/\/beta.alpscigar.com\/en\/wp-json\/wp\/v2\/product_cat?post=67642"},{"taxonomy":"product_tag","embeddable":true,"href":"https:\/\/beta.alpscigar.com\/en\/wp-json\/wp\/v2\/product_tag?post=67642"}],"curies":[{"name":"wp","href":"https:\/\/api.w.org\/{rel}","templated":true}]}}