{"id":67730,"date":"2022-05-02T09:36:38","date_gmt":"2022-05-02T08:36:38","guid":{"rendered":"https:\/\/alpscigar.com\/?post_type=product&#038;p=67730"},"modified":"2023-11-27T10:30:54","modified_gmt":"2023-11-27T09:30:54","slug":"xikar-turrim-single-noir-563bk","status":"publish","type":"product","link":"https:\/\/beta.alpscigar.com\/en\/shop\/cigars-accessories\/lighters\/xikar\/simple-flamme\/xikar-turrim-single-noir-563bk\/","title":{"rendered":"Xikar Turrim Single Noir 563BK"},"content":{"rendered":"<p>Le briquet <strong>Xikar Turrim Single<\/strong> est le dernier n\u00e9 de la famille Xikar. Construit sur les m\u00eames principes que le Xikar Turrim 127 mm de haut x 25.19 de diam\u00e8tre, le Xikar Turrim Single est une version de 114.3 mm de haut et 19.68 mm de diam\u00e8tre. Plus mince et plus courte dans un jet simple flamme. Le r\u00e9servoir de carburant sur-dimensionn\u00e9 est allong\u00e9, offrant une grande capacit\u00e9 de butane et la fen\u00eatre de carburant rouge EZ-View \u2122 permet de d\u00e9tecter facilement quand il est temps de faire le plein de butane.<\/p>","protected":false},"excerpt":{"rendered":"<p>1 briquet simple flamme.<\/p>","protected":false},"featured_media":67728,"template":"","meta":{"_acf_changed":false},"product_cat":[30010,30033,30048,24638,16870,21651],"product_tag":[],"bundled_by":[],"bundle_stock_status":"instock","bundle_stock_quantity":null,"bundle_virtual":false,"bundle_layout":"","bundle_add_to_cart_form_location":"","bundle_editable_in_cart":false,"bundle_sold_individually_context":"","bundle_item_grouping":"","bundle_min_size":"","bundle_max_size":"","bundled_items":[],"acf":[],"_links":{"self":[{"href":"https:\/\/beta.alpscigar.com\/en\/wp-json\/wp\/v2\/product\/67730"}],"collection":[{"href":"https:\/\/beta.alpscigar.com\/en\/wp-json\/wp\/v2\/product"}],"about":[{"href":"https:\/\/beta.alpscigar.com\/en\/wp-json\/wp\/v2\/types\/product"}],"wp:featuredmedia":[{"embeddable":true,"href":"https:\/\/beta.alpscigar.com\/en\/wp-json\/wp\/v2\/media\/67728"}],"wp:attachment":[{"href":"https:\/\/beta.alpscigar.com\/en\/wp-json\/wp\/v2\/media?parent=67730"}],"wp:term":[{"taxonomy":"product_cat","embeddable":true,"href":"https:\/\/beta.alpscigar.com\/en\/wp-json\/wp\/v2\/product_cat?post=67730"},{"taxonomy":"product_tag","embeddable":true,"href":"https:\/\/beta.alpscigar.com\/en\/wp-json\/wp\/v2\/product_tag?post=67730"}],"curies":[{"name":"wp","href":"https:\/\/api.w.org\/{rel}","templated":true}]}}