{"id":68353,"date":"2022-05-06T16:31:58","date_gmt":"2022-05-06T15:31:58","guid":{"rendered":"https:\/\/alpscigar.com\/?post_type=product&#038;p=68353"},"modified":"2023-08-31T14:14:24","modified_gmt":"2023-08-31T13:14:24","slug":"el-baton-belicoso-25","status":"publish","type":"product","link":"https:\/\/beta.alpscigar.com\/en\/shop\/nicaraguan-cigars\/el-baton\/el-baton-belicoso-25\/","title":{"rendered":"El Baton Belicoso (25)"},"content":{"rendered":"<p>Les cigares El Baton Belicoso sont l&rsquo;une des marques historiques originales de JC Newman, r\u00e9\u00e9dit\u00e9es en 2010 et acclam\u00e9es \u00e0 grande \u00e9chelle. Ce m\u00e9lange cors\u00e9 est propuls\u00e9 par un noyau enti\u00e8rement nicaraguayen habill\u00e9 de capes huileuses Corojo. El Baton offre une fum\u00e9e audacieuse et chaleureuse sp\u00e9cialement con\u00e7ue pour les connaisseurs exp\u00e9riment\u00e9s qui appr\u00e9cient la saveur et la force, et rivalise facilement avec les cigares qui co\u00fbtent deux fois plus. Si vous vous consid\u00e9rez comme un fumeur cors\u00e9, essayez une bo\u00eete aujourd&rsquo;hui !<\/p>","protected":false},"excerpt":{"rendered":"<p>Box of 25 cigars.<\/p>","protected":false},"featured_media":68351,"template":"","meta":{"_acf_changed":false},"product_cat":[29804,24791,24035],"product_tag":[],"bundled_by":[],"bundle_stock_status":"outofstock","bundle_stock_quantity":null,"bundle_virtual":false,"bundle_layout":"","bundle_add_to_cart_form_location":"","bundle_editable_in_cart":false,"bundle_sold_individually_context":"","bundle_item_grouping":"","bundle_min_size":"","bundle_max_size":"","bundled_items":[],"acf":[],"_links":{"self":[{"href":"https:\/\/beta.alpscigar.com\/en\/wp-json\/wp\/v2\/product\/68353"}],"collection":[{"href":"https:\/\/beta.alpscigar.com\/en\/wp-json\/wp\/v2\/product"}],"about":[{"href":"https:\/\/beta.alpscigar.com\/en\/wp-json\/wp\/v2\/types\/product"}],"wp:featuredmedia":[{"embeddable":true,"href":"https:\/\/beta.alpscigar.com\/en\/wp-json\/wp\/v2\/media\/68351"}],"wp:attachment":[{"href":"https:\/\/beta.alpscigar.com\/en\/wp-json\/wp\/v2\/media?parent=68353"}],"wp:term":[{"taxonomy":"product_cat","embeddable":true,"href":"https:\/\/beta.alpscigar.com\/en\/wp-json\/wp\/v2\/product_cat?post=68353"},{"taxonomy":"product_tag","embeddable":true,"href":"https:\/\/beta.alpscigar.com\/en\/wp-json\/wp\/v2\/product_tag?post=68353"}],"curies":[{"name":"wp","href":"https:\/\/api.w.org\/{rel}","templated":true}]}}