{"id":68358,"date":"2022-05-06T16:32:06","date_gmt":"2022-05-06T15:32:06","guid":{"rendered":"https:\/\/alpscigar.com\/?post_type=product&#038;p=68358"},"modified":"2023-08-31T14:12:19","modified_gmt":"2023-08-31T13:12:19","slug":"el-baton-robusto-25","status":"publish","type":"product","link":"https:\/\/beta.alpscigar.com\/en\/shop\/nicaraguan-cigars\/el-baton\/el-baton-robusto-25\/","title":{"rendered":"El Baton Robusto (25)"},"content":{"rendered":"<p>Fabriqu\u00e9 par le v\u00e9n\u00e9rable JC Newman Cigar Co., El Baton Robusto est un puro nicaraguayen fait avec des tabacs riches et copieux envelopp\u00e9s dans une cape Corojo nicaraguayenne. Ces mauvais gar\u00e7ons ont \u00ab\u00a0beaucoup de saveur\u00a0\u00bb pour \u00ab\u00a0menos dinero\u00a0\u00bb. C&rsquo;est d\u00e9finitivement un cigare cors\u00e9 avec un bel \u00e9quilibre entre force et saveur. Il ne fait aucun doute que ce sont d&rsquo;excellents cigares. Demandez simplement \u00e0 <strong>Cigar Aficionado, qui attribue au El Baton Robusto la place de No. 14 sur sa liste des 25 meilleurs cigares de 2012.<\/strong><\/p>","protected":false},"excerpt":{"rendered":"<p>Box of 25 cigars.<\/p>","protected":false},"featured_media":68357,"template":"","meta":{"_acf_changed":false},"product_cat":[29804,24791,24035],"product_tag":[],"bundled_by":[],"bundle_stock_status":"outofstock","bundle_stock_quantity":null,"bundle_virtual":false,"bundle_layout":"","bundle_add_to_cart_form_location":"","bundle_editable_in_cart":false,"bundle_sold_individually_context":"","bundle_item_grouping":"","bundle_min_size":"","bundle_max_size":"","bundled_items":[],"acf":[],"_links":{"self":[{"href":"https:\/\/beta.alpscigar.com\/en\/wp-json\/wp\/v2\/product\/68358"}],"collection":[{"href":"https:\/\/beta.alpscigar.com\/en\/wp-json\/wp\/v2\/product"}],"about":[{"href":"https:\/\/beta.alpscigar.com\/en\/wp-json\/wp\/v2\/types\/product"}],"wp:featuredmedia":[{"embeddable":true,"href":"https:\/\/beta.alpscigar.com\/en\/wp-json\/wp\/v2\/media\/68357"}],"wp:attachment":[{"href":"https:\/\/beta.alpscigar.com\/en\/wp-json\/wp\/v2\/media?parent=68358"}],"wp:term":[{"taxonomy":"product_cat","embeddable":true,"href":"https:\/\/beta.alpscigar.com\/en\/wp-json\/wp\/v2\/product_cat?post=68358"},{"taxonomy":"product_tag","embeddable":true,"href":"https:\/\/beta.alpscigar.com\/en\/wp-json\/wp\/v2\/product_tag?post=68358"}],"curies":[{"name":"wp","href":"https:\/\/api.w.org\/{rel}","templated":true}]}}