{"id":82868,"date":"2022-08-05T12:59:23","date_gmt":"2022-08-05T11:59:23","guid":{"rendered":"https:\/\/alpscigar.com\/?post_type=product&#038;p=82868"},"modified":"2023-09-26T14:34:40","modified_gmt":"2023-09-26T13:34:40","slug":"cao-arcana-mortal-coil-limited-edition-2022-20","status":"publish","type":"product","link":"https:\/\/beta.alpscigar.com\/en\/shop\/nicaraguan-cigars\/cao\/cao-arcana-mortal-coil\/cao-arcana-mortal-coil-limited-edition-2022-20\/","title":{"rendered":"CAO Arcana Mortal Coil Limited Edition 2022 (20)"},"content":{"rendered":"<p><span data-sheets-value=\"{&quot;1&quot;:2,&quot;2&quot;:&quot;Avec la s\u00e9rie Arcana, CAO lance une nouvelle ligne de cigares dont l'id\u00e9e est de pr\u00e9senter les secrets et les traditions des anciennes techniques du tabac qui se transmettent depuis des g\u00e9n\u00e9rations. nnLe cigare Mortal Coil utilise le tabac Andullo, une technique de fermentation relativement rare, vieille de plusieurs si\u00e8cles, dans laquelle les feuilles de tabac s\u00e9ch\u00e9es sont \u00e9troitement envelopp\u00e9es dans des cosses de palmier appel\u00e9es yaguas pour la fermentation. nnLe processus prend deux ans, soit beaucoup plus longtemps que les m\u00e9thodes actuelles. Le cigare est roul\u00e9 dans une cape USA Broadleaf et poss\u00e8de une forte saveur andullo avec des \u00e9pices douces et des ar\u00f4mes floraux compl\u00e9t\u00e9s par des notes de noix, de cr\u00e8me et de cacao. Le Mortal Coil est le premier de la s\u00e9rie Arcana et n'est disponible qu'en \u00e9dition strictement limit\u00e9e.nnCe cigare au module Toro mesure 152,5 mm de longueur par 19,8 mm de diam\u00e8tre (bague 50). Il necessitera 50 \u00e0 70 minutes pour \u00eatre d\u00e9gust\u00e9 convenablement.&quot;}\" data-sheets-userformat=\"{&quot;2&quot;:4477,&quot;3&quot;:{&quot;1&quot;:0},&quot;5&quot;:{&quot;1&quot;:[{&quot;1&quot;:2,&quot;2&quot;:0,&quot;5&quot;:{&quot;1&quot;:2,&quot;2&quot;:0}},{&quot;1&quot;:0,&quot;2&quot;:0,&quot;3&quot;:3},{&quot;1&quot;:1,&quot;2&quot;:0,&quot;4&quot;:1}]},&quot;6&quot;:{&quot;1&quot;:[{&quot;1&quot;:2,&quot;2&quot;:0,&quot;5&quot;:{&quot;1&quot;:2,&quot;2&quot;:0}},{&quot;1&quot;:0,&quot;2&quot;:0,&quot;3&quot;:3},{&quot;1&quot;:1,&quot;2&quot;:0,&quot;4&quot;:1}]},&quot;7&quot;:{&quot;1&quot;:[{&quot;1&quot;:2,&quot;2&quot;:0,&quot;5&quot;:{&quot;1&quot;:2,&quot;2&quot;:0}},{&quot;1&quot;:0,&quot;2&quot;:0,&quot;3&quot;:3},{&quot;1&quot;:1,&quot;2&quot;:0,&quot;4&quot;:1}]},&quot;8&quot;:{&quot;1&quot;:[{&quot;1&quot;:2,&quot;2&quot;:0,&quot;5&quot;:{&quot;1&quot;:2,&quot;2&quot;:0}},{&quot;1&quot;:0,&quot;2&quot;:0,&quot;3&quot;:3},{&quot;1&quot;:1,&quot;2&quot;:0,&quot;4&quot;:1}]},&quot;9&quot;:1,&quot;11&quot;:4,&quot;15&quot;:&quot;Calibri&quot;}\">Le cigare <strong>CAO Arcana Mortal Coil <\/strong>utilise le tabac Andullo, une technique de fermentation relativement rare, vieille de plusieurs si\u00e8cles, dans laquelle les feuilles de tabac s\u00e9ch\u00e9es sont \u00e9troitement envelopp\u00e9es dans des cosses de palmier appel\u00e9es yaguas pour la fermentation. <\/span><\/p>\n<p>Le processus prend deux ans, soit beaucoup plus longtemps que les m\u00e9thodes actuelles. Le cigare est roul\u00e9 dans une cape USA Broadleaf et poss\u00e8de une forte saveur andullo avec des \u00e9pices douces et des ar\u00f4mes floraux compl\u00e9t\u00e9s par des notes de noix, de cr\u00e8me et de cacao. Le Mortal Coil est le premier de la s\u00e9rie Arcana et n&rsquo;est disponible qu&rsquo;en \u00e9dition strictement limit\u00e9e.<\/p>\n<p>Ce cigare au module Toro mesure 152,5 mm de longueur par 19,8 mm de diam\u00e8tre (bague 50). Il necessitera 50 \u00e0 70 minutes pour \u00eatre d\u00e9gust\u00e9 convenablement.<\/p>\n<p><span data-sheets-value=\"{&quot;1&quot;:2,&quot;2&quot;:&quot;Avec la s\u00e9rie Arcana, CAO lance une nouvelle ligne de cigares dont l'id\u00e9e est de pr\u00e9senter les secrets et les traditions des anciennes techniques du tabac qui se transmettent depuis des g\u00e9n\u00e9rations. nnLe cigare Mortal Coil utilise le tabac Andullo, une technique de fermentation relativement rare, vieille de plusieurs si\u00e8cles, dans laquelle les feuilles de tabac s\u00e9ch\u00e9es sont \u00e9troitement envelopp\u00e9es dans des cosses de palmier appel\u00e9es yaguas pour la fermentation. nnLe processus prend deux ans, soit beaucoup plus longtemps que les m\u00e9thodes actuelles. Le cigare est roul\u00e9 dans une cape USA Broadleaf et poss\u00e8de une forte saveur andullo avec des \u00e9pices douces et des ar\u00f4mes floraux compl\u00e9t\u00e9s par des notes de noix, de cr\u00e8me et de cacao. Le Mortal Coil est le premier de la s\u00e9rie Arcana et n'est disponible qu'en \u00e9dition strictement limit\u00e9e.nnCe cigare au module Toro mesure 152,5 mm de longueur par 19,8 mm de diam\u00e8tre (bague 50). Il necessitera 50 \u00e0 70 minutes pour \u00eatre d\u00e9gust\u00e9 convenablement.&quot;}\" data-sheets-userformat=\"{&quot;2&quot;:4477,&quot;3&quot;:{&quot;1&quot;:0},&quot;5&quot;:{&quot;1&quot;:[{&quot;1&quot;:2,&quot;2&quot;:0,&quot;5&quot;:{&quot;1&quot;:2,&quot;2&quot;:0}},{&quot;1&quot;:0,&quot;2&quot;:0,&quot;3&quot;:3},{&quot;1&quot;:1,&quot;2&quot;:0,&quot;4&quot;:1}]},&quot;6&quot;:{&quot;1&quot;:[{&quot;1&quot;:2,&quot;2&quot;:0,&quot;5&quot;:{&quot;1&quot;:2,&quot;2&quot;:0}},{&quot;1&quot;:0,&quot;2&quot;:0,&quot;3&quot;:3},{&quot;1&quot;:1,&quot;2&quot;:0,&quot;4&quot;:1}]},&quot;7&quot;:{&quot;1&quot;:[{&quot;1&quot;:2,&quot;2&quot;:0,&quot;5&quot;:{&quot;1&quot;:2,&quot;2&quot;:0}},{&quot;1&quot;:0,&quot;2&quot;:0,&quot;3&quot;:3},{&quot;1&quot;:1,&quot;2&quot;:0,&quot;4&quot;:1}]},&quot;8&quot;:{&quot;1&quot;:[{&quot;1&quot;:2,&quot;2&quot;:0,&quot;5&quot;:{&quot;1&quot;:2,&quot;2&quot;:0}},{&quot;1&quot;:0,&quot;2&quot;:0,&quot;3&quot;:3},{&quot;1&quot;:1,&quot;2&quot;:0,&quot;4&quot;:1}]},&quot;9&quot;:1,&quot;11&quot;:4,&quot;15&quot;:&quot;Calibri&quot;}\">Avec la s\u00e9rie Arcana, CAO lance une nouvelle ligne de cigares dont l&rsquo;id\u00e9e est de pr\u00e9senter les secrets et les traditions des anciennes techniques du tabac qui se transmettent depuis des g\u00e9n\u00e9rations.<\/span><\/p>","protected":false},"excerpt":{"rendered":"<p>Box of 20 cigars.<\/p>","protected":false},"featured_media":82865,"template":"","meta":{"_acf_changed":false},"product_cat":[27443,30663,24791,24035],"product_tag":[],"bundled_by":[],"bundle_stock_status":"outofstock","bundle_stock_quantity":0,"bundle_virtual":false,"bundle_layout":"","bundle_add_to_cart_form_location":"","bundle_editable_in_cart":false,"bundle_sold_individually_context":"","bundle_item_grouping":"","bundle_min_size":"","bundle_max_size":"","bundled_items":[],"acf":[],"_links":{"self":[{"href":"https:\/\/beta.alpscigar.com\/en\/wp-json\/wp\/v2\/product\/82868"}],"collection":[{"href":"https:\/\/beta.alpscigar.com\/en\/wp-json\/wp\/v2\/product"}],"about":[{"href":"https:\/\/beta.alpscigar.com\/en\/wp-json\/wp\/v2\/types\/product"}],"wp:featuredmedia":[{"embeddable":true,"href":"https:\/\/beta.alpscigar.com\/en\/wp-json\/wp\/v2\/media\/82865"}],"wp:attachment":[{"href":"https:\/\/beta.alpscigar.com\/en\/wp-json\/wp\/v2\/media?parent=82868"}],"wp:term":[{"taxonomy":"product_cat","embeddable":true,"href":"https:\/\/beta.alpscigar.com\/en\/wp-json\/wp\/v2\/product_cat?post=82868"},{"taxonomy":"product_tag","embeddable":true,"href":"https:\/\/beta.alpscigar.com\/en\/wp-json\/wp\/v2\/product_tag?post=82868"}],"curies":[{"name":"wp","href":"https:\/\/api.w.org\/{rel}","templated":true}]}}