{"id":86798,"date":"2022-09-14T11:28:59","date_gmt":"2022-09-14T10:28:59","guid":{"rendered":"https:\/\/alpscigar.com\/?post_type=product&#038;p=86798"},"modified":"2023-10-31T12:52:23","modified_gmt":"2023-10-31T11:52:23","slug":"la-couronne-seleccion-privada-salomon-bundle-1","status":"publish","type":"product","link":"https:\/\/beta.alpscigar.com\/en\/shop\/other\/la-couronne-seleccion-privada-salomon-bundle-1\/","title":{"rendered":"La Couronne Seleccion Privada Salomon Bundle (1)"},"content":{"rendered":"<p>Les cigares La Couronne Seleccion Privada\u00a0<strong>Salomon Bundle<\/strong>, sont le fruit d\u2019une recherche de plus de 3 ann\u00e9es. Les cigares premium <strong>Salomon<\/strong>\u00a0ont \u00e9t\u00e9 r\u00e9alis\u00e9s \u00e0 partir des plus belles feuilles de cape Habanos \u2013 Ecuador (Equateur), r\u00e9colt\u00e9es \u00e0 la main et proc\u00e9d\u00e9es par le Master Blender de notre \u00e9quipe directement sur place.<\/p>\n<p>La tripe quant \u00e0 elle, Habano \u2013 Nicaragua, subit une quintuple fermentation en pilon, donnant au coeur du cigare toute sa puissance, son ar\u00f4me et un parfait \u00e9quilibre.<\/p>\n<p>R\u00e9alis\u00e9 pour les d\u00e9gustateurs confirm\u00e9s, c\u2019est un cigare moderne, aux proportions hors normes, respectant l\u2019histoire et l\u2019excellence des cigares les plus fins<\/p>","protected":false},"excerpt":{"rendered":"<p>Cigare \u00e0 l&rsquo;unit\u00e9.<\/p>","protected":false},"featured_media":86840,"template":"","meta":{"_acf_changed":false},"product_cat":[627],"product_tag":[],"bundled_by":[],"bundle_stock_status":"outofstock","bundle_stock_quantity":0,"bundle_virtual":false,"bundle_layout":"","bundle_add_to_cart_form_location":"","bundle_editable_in_cart":false,"bundle_sold_individually_context":"","bundle_item_grouping":"","bundle_min_size":"","bundle_max_size":"","bundled_items":[],"acf":[],"_links":{"self":[{"href":"https:\/\/beta.alpscigar.com\/en\/wp-json\/wp\/v2\/product\/86798"}],"collection":[{"href":"https:\/\/beta.alpscigar.com\/en\/wp-json\/wp\/v2\/product"}],"about":[{"href":"https:\/\/beta.alpscigar.com\/en\/wp-json\/wp\/v2\/types\/product"}],"wp:featuredmedia":[{"embeddable":true,"href":"https:\/\/beta.alpscigar.com\/en\/wp-json\/wp\/v2\/media\/86840"}],"wp:attachment":[{"href":"https:\/\/beta.alpscigar.com\/en\/wp-json\/wp\/v2\/media?parent=86798"}],"wp:term":[{"taxonomy":"product_cat","embeddable":true,"href":"https:\/\/beta.alpscigar.com\/en\/wp-json\/wp\/v2\/product_cat?post=86798"},{"taxonomy":"product_tag","embeddable":true,"href":"https:\/\/beta.alpscigar.com\/en\/wp-json\/wp\/v2\/product_tag?post=86798"}],"curies":[{"name":"wp","href":"https:\/\/api.w.org\/{rel}","templated":true}]}}