{"id":91015,"date":"2022-10-21T14:04:55","date_gmt":"2022-10-21T13:04:55","guid":{"rendered":"https:\/\/alpscigar.com\/?post_type=product&#038;p=91015"},"modified":"2023-11-06T15:15:55","modified_gmt":"2023-11-06T14:15:55","slug":"davidoff-madison-515-limited-edition-10","status":"publish","type":"product","link":"https:\/\/beta.alpscigar.com\/en\/shop\/dominican-cigars\/davidoff\/davidoff-madison-515-limited-edition-10\/","title":{"rendered":"Davidoff Madison 515 Limited Edition (10)"},"content":{"rendered":"<p>Les <strong>Davidoff Madison 515 Limited Edition (10)<\/strong> repr\u00e9sentent des cigares exceptionnels produits en exemplaires tr\u00e8s limit\u00e9s.<\/p>\n<p>Si l&rsquo;on regarde de plus pr\u00eat sa composition, on remarquera son complexe m\u00e9lange de tabacs de la R\u00e9publique Dominicaine, une magnifique cape auburn fonc\u00e9 de Yamas\u00e1 et une sous-cape mexicaine Negro San Andres.<\/p>\n<p>Cot\u00e9 d\u00e9gustation, vous ne pouvez passer \u00e0 c\u00f4t\u00e9 d&rsquo;ar\u00f4mes expressifs et uniques. Nous sentons d\u00e8s le d\u00e9but de belles saveurs de chocolat noir \u00e9pic\u00e9. \u00c0 partir de l\u00e0, font entr\u00e9e des notes de caf\u00e9 noir, de zeste d&rsquo;agrumes qui raviront votre palais et qui s&rsquo;\u00e9tendront jusqu&rsquo;\u00e0 la fin de la degustation. Le second tiers fait preuve d&rsquo;un \u00e9quilibre remarquable, un vrai r\u00e9gal.<\/p>\n<p>Sp\u00e9cialement cr\u00e9\u00e9s en 2011 pour la boutique phare Davidoff de la Madison Avenue \u00e0 New York, les cigares Madison 515 ont rapidement rencontr\u00e9 un franc succ\u00e8s. Ce n&rsquo;est que fin 2020 que cette production unique fait son grand retour \u00e0 travers cette \u00e9dition tr\u00e8s limit\u00e9e. Elle rejoint les productions sp\u00e9ciales de la s\u00e9rie Vault.<\/p>\n<p>Visit <strong>Davidoff Madison 515 Limited Edition (10) <\/strong>sont un module Toro, d&rsquo;une longueur de 152 mm et de 21,4 mm de diam\u00e8tre.<br \/>\nIl vous faudra compter 60 minutes pour d\u00e9guster convenablement ce cigare.<\/p>","protected":false},"excerpt":{"rendered":"<p>Bundle of 10 cigars<\/p>","protected":false},"featured_media":91013,"template":"","meta":{"_acf_changed":false},"product_cat":[24791,23555,14927,14931,16772],"product_tag":[],"bundled_by":[],"bundle_stock_status":"instock","bundle_stock_quantity":3,"bundle_virtual":false,"bundle_layout":"","bundle_add_to_cart_form_location":"","bundle_editable_in_cart":false,"bundle_sold_individually_context":"","bundle_item_grouping":"","bundle_min_size":"","bundle_max_size":"","bundled_items":[],"acf":[],"_links":{"self":[{"href":"https:\/\/beta.alpscigar.com\/en\/wp-json\/wp\/v2\/product\/91015"}],"collection":[{"href":"https:\/\/beta.alpscigar.com\/en\/wp-json\/wp\/v2\/product"}],"about":[{"href":"https:\/\/beta.alpscigar.com\/en\/wp-json\/wp\/v2\/types\/product"}],"wp:featuredmedia":[{"embeddable":true,"href":"https:\/\/beta.alpscigar.com\/en\/wp-json\/wp\/v2\/media\/91013"}],"wp:attachment":[{"href":"https:\/\/beta.alpscigar.com\/en\/wp-json\/wp\/v2\/media?parent=91015"}],"wp:term":[{"taxonomy":"product_cat","embeddable":true,"href":"https:\/\/beta.alpscigar.com\/en\/wp-json\/wp\/v2\/product_cat?post=91015"},{"taxonomy":"product_tag","embeddable":true,"href":"https:\/\/beta.alpscigar.com\/en\/wp-json\/wp\/v2\/product_tag?post=91015"}],"curies":[{"name":"wp","href":"https:\/\/api.w.org\/{rel}","templated":true}]}}