{"id":91521,"date":"2022-10-27T15:26:43","date_gmt":"2022-10-27T14:26:43","guid":{"rendered":"https:\/\/alpscigar.com\/?post_type=product&#038;p=91521"},"modified":"2025-05-29T14:38:13","modified_gmt":"2025-05-29T13:38:13","slug":"machetero-panetela-bundle-10","status":"publish","type":"product","link":"https:\/\/beta.alpscigar.com\/en\/shop\/nicaraguan-cigars\/machetero\/machetero-panetela-bundle-10\/","title":{"rendered":"Machetero Panetela Bundle (10)"},"content":{"rendered":"<p><span id=\"p309\">Le cigare\u00a0<strong><span id=\"316\">Machetero<\/span>\u00a0<span id=\"317\">Panetela<\/span><\/strong>\u00a0est un module\u00a0<span id=\"318\">Panetela<\/span>\u00a0d\u2019une longueur de 114 mm pour un diam\u00e8tre de 15,1 mm.<\/span><span id=\"p310\">\u00a0<\/span><span id=\"p313\">\u00c0\u00a0la d\u00e9gustation le\u00a0<span id=\"328\">Machetero<\/span>\u00a0<span id=\"329\">Panetela<\/span>\u00a0d\u00e9livre des notes douces et onctueuses de bois, d\u2019herbes et de poivre.<\/span><span id=\"p314\">\u00a0<\/span><\/p>\n<p><span id=\"p310\">Ce cigare vous occupera pendant\u00a0environ 20 minutes.<\/span><span id=\"p311\">\u00a0Visit\u00a0<span id=\"320\">Machetero<\/span>\u00a0<span id=\"321\">Panetela<\/span> est ce qu\u2019on appelle un <span id=\"322\">Puro<\/span> puisque tous les tabacs qui le composent proviennent du terroir n<span id=\"323\">icaraguayen<\/span>.<\/span><span id=\"p312\">\u00a0<\/span><\/p>\n<p><span id=\"p311\">Visit\u00a0<span id=\"320\">Machetero<\/span>\u00a0<span id=\"321\">Panetela<\/span> est ce qu\u2019on appelle un <span id=\"322\">Puro<\/span> puisque tous les tabacs qui le composent proviennent du terroir n<span id=\"323\">icaraguayen<\/span>.<\/span><span id=\"p312\">\u00a0<\/span><\/p>\n<p><span id=\"p312\">Visit\u00a0<span id=\"324\">Machetero<\/span>\u00a0<span id=\"325\">Panetela<\/span>\u00a0est pr\u00e9sent\u00e9 en\u00a0<span id=\"326\">Bundle<\/span> de 10 cigares et l<span id=\"p314\">a ligne de cigares\u00a0<span id=\"330\">Machetero<\/span>\u00a0existe \u00e9galement en format Double Corona, Short R<span id=\"331\">obusto<\/span>, Short T<span id=\"332\">orpedo<\/span>, C<span id=\"333\">orona<\/span>\u00a0G<span id=\"334\">orda<\/span>, R<span id=\"335\">obusto<\/span>\u00a0et Petit\u00a0<span id=\"336\">corona.<\/span><\/span><\/span><\/p>\n<p><span id=\"p312\"><span id=\"p315\">Les cigares\u00a0<span id=\"337\">Machetero<\/span>\u00a0sont produits au Nicaragua pour la famille\u00a0<span id=\"338\">Meerapfel<\/span>\u00a0qui \u0153uvre dans le monde du tabac depuis 5 g\u00e9n\u00e9rations.<\/span><\/span><\/p>","protected":false},"excerpt":{"rendered":"<p>Bundle of 10 cigars.<\/p>","protected":false},"featured_media":93021,"template":"","meta":{"_acf_changed":false},"product_cat":[29739,30251,24791,24035],"product_tag":[],"bundled_by":[],"bundle_stock_status":"instock","bundle_stock_quantity":null,"bundle_virtual":false,"bundle_layout":"","bundle_add_to_cart_form_location":"","bundle_editable_in_cart":false,"bundle_sold_individually_context":"","bundle_item_grouping":"","bundle_min_size":"","bundle_max_size":"","bundled_items":[],"acf":[],"_links":{"self":[{"href":"https:\/\/beta.alpscigar.com\/en\/wp-json\/wp\/v2\/product\/91521"}],"collection":[{"href":"https:\/\/beta.alpscigar.com\/en\/wp-json\/wp\/v2\/product"}],"about":[{"href":"https:\/\/beta.alpscigar.com\/en\/wp-json\/wp\/v2\/types\/product"}],"wp:featuredmedia":[{"embeddable":true,"href":"https:\/\/beta.alpscigar.com\/en\/wp-json\/wp\/v2\/media\/93021"}],"wp:attachment":[{"href":"https:\/\/beta.alpscigar.com\/en\/wp-json\/wp\/v2\/media?parent=91521"}],"wp:term":[{"taxonomy":"product_cat","embeddable":true,"href":"https:\/\/beta.alpscigar.com\/en\/wp-json\/wp\/v2\/product_cat?post=91521"},{"taxonomy":"product_tag","embeddable":true,"href":"https:\/\/beta.alpscigar.com\/en\/wp-json\/wp\/v2\/product_tag?post=91521"}],"curies":[{"name":"wp","href":"https:\/\/api.w.org\/{rel}","templated":true}]}}