{"id":92700,"date":"2022-11-11T09:51:12","date_gmt":"2022-11-11T08:51:12","guid":{"rendered":"https:\/\/alpscigar.com\/?post_type=product&#038;p=92700"},"modified":"2023-08-31T14:59:33","modified_gmt":"2023-08-31T13:59:33","slug":"toscano-duecento-20","status":"publish","type":"product","link":"https:\/\/beta.alpscigar.com\/en\/shop\/italian-cigars\/toscano\/toscano-duecento-20\/","title":{"rendered":"Toscano Duecento (20)"},"content":{"rendered":"<p>Visit <strong>Toscano Duecento<\/strong> a \u00e9t\u00e9 introduit en 2018 pour c\u00e9l\u00e9brer les 200 ans de qualit\u00e9, d&rsquo;excellence et d&rsquo;artisanat italien de Toscano. Il est fabriqu\u00e9 \u00e0 la main \u00e0 Lucca \u00e0 partir d&rsquo;un m\u00e9lange s\u00e9lectionn\u00e9 de Kentucky italien (de Toscane) et de Kentucky am\u00e9ricain (du Tennessee).<\/p>\n<p>Ce cigare de f\u00eate pr\u00e9sente un bouquet aromatique de c\u00e8dre, de noix et de terre, avec une d\u00e9licate nuance \u00e9pic\u00e9e.<\/p>\n<p>Visit<strong> Toscano Duecento<\/strong> est un cigare au format atypique qui mesure 196,8 mm de longueur pour 18,26 mm de diam\u00e8tre (bague 46). Il est disponible dans une belle bo\u00eete en bois de 20 cigares.<\/p>","protected":false},"excerpt":{"rendered":"<p>Box of 20 cigars.<\/p>","protected":false},"featured_media":92697,"template":"","meta":{"_acf_changed":false},"product_cat":[24791,23203,23223],"product_tag":[],"bundled_by":[],"bundle_stock_status":"outofstock","bundle_stock_quantity":null,"bundle_virtual":false,"bundle_layout":"","bundle_add_to_cart_form_location":"","bundle_editable_in_cart":false,"bundle_sold_individually_context":"","bundle_item_grouping":"","bundle_min_size":"","bundle_max_size":"","bundled_items":[],"acf":[],"_links":{"self":[{"href":"https:\/\/beta.alpscigar.com\/en\/wp-json\/wp\/v2\/product\/92700"}],"collection":[{"href":"https:\/\/beta.alpscigar.com\/en\/wp-json\/wp\/v2\/product"}],"about":[{"href":"https:\/\/beta.alpscigar.com\/en\/wp-json\/wp\/v2\/types\/product"}],"wp:featuredmedia":[{"embeddable":true,"href":"https:\/\/beta.alpscigar.com\/en\/wp-json\/wp\/v2\/media\/92697"}],"wp:attachment":[{"href":"https:\/\/beta.alpscigar.com\/en\/wp-json\/wp\/v2\/media?parent=92700"}],"wp:term":[{"taxonomy":"product_cat","embeddable":true,"href":"https:\/\/beta.alpscigar.com\/en\/wp-json\/wp\/v2\/product_cat?post=92700"},{"taxonomy":"product_tag","embeddable":true,"href":"https:\/\/beta.alpscigar.com\/en\/wp-json\/wp\/v2\/product_tag?post=92700"}],"curies":[{"name":"wp","href":"https:\/\/api.w.org\/{rel}","templated":true}]}}