{"id":92708,"date":"2022-11-11T10:10:15","date_gmt":"2022-11-11T09:10:15","guid":{"rendered":"https:\/\/alpscigar.com\/?post_type=product&#038;p=92708"},"modified":"2023-09-26T14:04:17","modified_gmt":"2023-09-26T13:04:17","slug":"meerapfel-cigar-richard-double-robusto-10","status":"publish","type":"product","link":"https:\/\/beta.alpscigar.com\/en\/shop\/dominican-cigars\/meerapfel\/meerapfel-cigar-richard-double-robusto-10\/","title":{"rendered":"Meerapfel Cigar Richard Double Robusto (10)"},"content":{"rendered":"<p>\u00ab\u00a0Un hommage \u00e0 notre pass\u00e9 ; en respectant notre avenir \u00ab\u00a0.<br \/>\nTelle est la mani\u00e8re dont Jeremiah Meerapfel d\u00e9crit cette cr\u00e9ation, premi\u00e8re des sept vitoles que la soci\u00e9t\u00e9 pr\u00e9voit d&rsquo;inscrire dans sa ligne Richard (qui porte le nom de feu Richard Meerapfel, d\u00e9c\u00e9d\u00e9 en 2003).<\/p>\n<p>Les <strong>Meerapfel Cigar Richard Double Robusto<\/strong> sont 10 petits bijoux, dispos\u00e9s dans ce que la marque d\u00e9crit comme un coffre.<br \/>\nEn ce qui concerne le m\u00e9lange, nous savons seulement que les double robusto sont compos\u00e9s d&rsquo;une cape camerounaise vintage, gardant tout le myst\u00e8re et le secret quant \u00e0 sa composition.<\/p>\n<p>Les double-robusto de cette ligne Richard s&rsquo;inscrivent les standings \u00ab\u00a0luxe ultra-premium\u00a0\u00bb que Meerapfel vise et d\u00e9crit sous le terme \u00ab\u00a0UberLuxury\u00a0\u00bb. C&rsquo;est l&rsquo;expression de la tradition, des valeurs et du respect. Meerapfel se donne pour mission de pr\u00e9server et de perp\u00e9tuer ces valeurs.<\/p>\n<p>Les <strong>Meerapfel Cigar Richard Double Robusto <\/strong>sont pr\u00e9sent\u00e9s dans une bo\u00eete de 10 unit\u00e9s.<\/p>\n<p>Le packaging est unique et magnifique : les 10 vitoles sont pr\u00e9sent\u00e9es dans un plateau rouge et dor\u00e9 qui pourra \u00eatre utilis\u00e9 par la suite comme cendrier.<\/p>\n<p><strong>Attention,<\/strong> on parle ici d&rsquo;un produit d&rsquo;exception : seuls 613 coffrets existent !!<br \/>\nSerez-vous l&rsquo;un de heureux d\u00e9tenteur de ces Double Robusto de la nouvelle ligne RICHRAD de Meerapfel ?<\/p>","protected":false},"excerpt":{"rendered":"<p>Box of 10 cigars.<\/p>","protected":false},"featured_media":92705,"template":"","meta":{"_acf_changed":false},"product_cat":[32385,24791,23555,16772],"product_tag":[],"bundled_by":[],"bundle_stock_status":"outofstock","bundle_stock_quantity":0,"bundle_virtual":false,"bundle_layout":"","bundle_add_to_cart_form_location":"","bundle_editable_in_cart":false,"bundle_sold_individually_context":"","bundle_item_grouping":"","bundle_min_size":"","bundle_max_size":"","bundled_items":[],"acf":[],"_links":{"self":[{"href":"https:\/\/beta.alpscigar.com\/en\/wp-json\/wp\/v2\/product\/92708"}],"collection":[{"href":"https:\/\/beta.alpscigar.com\/en\/wp-json\/wp\/v2\/product"}],"about":[{"href":"https:\/\/beta.alpscigar.com\/en\/wp-json\/wp\/v2\/types\/product"}],"wp:featuredmedia":[{"embeddable":true,"href":"https:\/\/beta.alpscigar.com\/en\/wp-json\/wp\/v2\/media\/92705"}],"wp:attachment":[{"href":"https:\/\/beta.alpscigar.com\/en\/wp-json\/wp\/v2\/media?parent=92708"}],"wp:term":[{"taxonomy":"product_cat","embeddable":true,"href":"https:\/\/beta.alpscigar.com\/en\/wp-json\/wp\/v2\/product_cat?post=92708"},{"taxonomy":"product_tag","embeddable":true,"href":"https:\/\/beta.alpscigar.com\/en\/wp-json\/wp\/v2\/product_tag?post=92708"}],"curies":[{"name":"wp","href":"https:\/\/api.w.org\/{rel}","templated":true}]}}