{"id":93261,"date":"2022-11-17T11:28:28","date_gmt":"2022-11-17T10:28:28","guid":{"rendered":"https:\/\/alpscigar.com\/?post_type=product&#038;p=93261"},"modified":"2023-12-11T07:51:12","modified_gmt":"2023-12-11T06:51:12","slug":"cendrier-cohiba-55-aniversario-3-cigares","status":"publish","type":"product","link":"https:\/\/beta.alpscigar.com\/en\/shop\/cigars-accessories\/cendriers\/cendrier-cohiba-55-aniversario-3-cigares\/","title":{"rendered":"Cendrier Cohiba 55 aniversario &#8211; 3 cigares"},"content":{"rendered":"<p>Ajoutez une touche d\u2019\u00e9l\u00e9gance \u00e0 votre espace fumeurs avec le <strong>Cendrier Cohiba 55 aniversario<\/strong><\/p>\n<p>Ce cendrier est livr\u00e9 avec un logo Cohiba 55 anniversario imprim\u00e9 sur un cendrier en c\u00e9ramique noir et dor\u00e9. Sa taille est id\u00e9ale pour 4 cigares.<\/p>\n<p>C&rsquo;est un accessoires incontournables pour tous les fumeurs de bons cigares cubains !<\/p>","protected":false},"excerpt":{"rendered":"<p>1 cendrier 3 cigares.<\/p>","protected":false},"featured_media":96382,"template":"","meta":{"_acf_changed":false},"product_cat":[16870,18796],"product_tag":[],"bundled_by":[],"bundle_stock_status":"outofstock","bundle_stock_quantity":0,"bundle_virtual":false,"bundle_layout":"","bundle_add_to_cart_form_location":"","bundle_editable_in_cart":false,"bundle_sold_individually_context":"","bundle_item_grouping":"","bundle_min_size":"","bundle_max_size":"","bundled_items":[],"acf":[],"_links":{"self":[{"href":"https:\/\/beta.alpscigar.com\/en\/wp-json\/wp\/v2\/product\/93261"}],"collection":[{"href":"https:\/\/beta.alpscigar.com\/en\/wp-json\/wp\/v2\/product"}],"about":[{"href":"https:\/\/beta.alpscigar.com\/en\/wp-json\/wp\/v2\/types\/product"}],"wp:featuredmedia":[{"embeddable":true,"href":"https:\/\/beta.alpscigar.com\/en\/wp-json\/wp\/v2\/media\/96382"}],"wp:attachment":[{"href":"https:\/\/beta.alpscigar.com\/en\/wp-json\/wp\/v2\/media?parent=93261"}],"wp:term":[{"taxonomy":"product_cat","embeddable":true,"href":"https:\/\/beta.alpscigar.com\/en\/wp-json\/wp\/v2\/product_cat?post=93261"},{"taxonomy":"product_tag","embeddable":true,"href":"https:\/\/beta.alpscigar.com\/en\/wp-json\/wp\/v2\/product_tag?post=93261"}],"curies":[{"name":"wp","href":"https:\/\/api.w.org\/{rel}","templated":true}]}}