{"id":93312,"date":"2022-11-17T16:56:24","date_gmt":"2022-11-17T15:56:24","guid":{"rendered":"https:\/\/alpscigar.com\/?post_type=product&#038;p=93312"},"modified":"2023-11-17T11:30:53","modified_gmt":"2023-11-17T10:30:53","slug":"davidoff-ashtray-limited-edition-year-of-the-rabbit","status":"publish","type":"product","link":"https:\/\/beta.alpscigar.com\/en\/shop\/cigars-accessories\/cendriers\/davidoff-cendriers\/davidoff-ashtray-limited-edition-year-of-the-rabbit\/","title":{"rendered":"Davidoff Ashtray Limited Edition Year of the Rabbit"},"content":{"rendered":"<p>L&rsquo;edition limit\u00e9e du cendrier Davidoff Year of the Rabbit c\u00e9l\u00e8bre le nouvel an chinois et ce pour la onzi\u00e8me ann\u00e9e consecutive.<\/p>\n<p>Deux encoches \u00e0 cigares angulaires offrent de l&rsquo;espace pour deux cigares \u00e0 la fois.<\/p>\n<p>Dimensions : \u2300 24 cm, Hauteur 4 cm<\/p>\n<p>Fabriqu\u00e9 en France.<\/p>\n<p>Num\u00e9rot\u00e9 \u00e0 la main et limit\u00e9 \u00e0 <strong>450 pi\u00e8ces<\/strong> dans le monde entier.<\/p>","protected":false},"excerpt":{"rendered":"<p>1 x cendrier \u00e9dition limit\u00e9e.<\/p>","protected":false},"featured_media":93350,"template":"","meta":{"_acf_changed":false},"product_cat":[29758,16772,16870,18796],"product_tag":[],"bundled_by":[],"bundle_stock_status":"outofstock","bundle_stock_quantity":0,"bundle_virtual":false,"bundle_layout":"","bundle_add_to_cart_form_location":"","bundle_editable_in_cart":false,"bundle_sold_individually_context":"","bundle_item_grouping":"","bundle_min_size":"","bundle_max_size":"","bundled_items":[],"acf":[],"_links":{"self":[{"href":"https:\/\/beta.alpscigar.com\/en\/wp-json\/wp\/v2\/product\/93312"}],"collection":[{"href":"https:\/\/beta.alpscigar.com\/en\/wp-json\/wp\/v2\/product"}],"about":[{"href":"https:\/\/beta.alpscigar.com\/en\/wp-json\/wp\/v2\/types\/product"}],"wp:featuredmedia":[{"embeddable":true,"href":"https:\/\/beta.alpscigar.com\/en\/wp-json\/wp\/v2\/media\/93350"}],"wp:attachment":[{"href":"https:\/\/beta.alpscigar.com\/en\/wp-json\/wp\/v2\/media?parent=93312"}],"wp:term":[{"taxonomy":"product_cat","embeddable":true,"href":"https:\/\/beta.alpscigar.com\/en\/wp-json\/wp\/v2\/product_cat?post=93312"},{"taxonomy":"product_tag","embeddable":true,"href":"https:\/\/beta.alpscigar.com\/en\/wp-json\/wp\/v2\/product_tag?post=93312"}],"curies":[{"name":"wp","href":"https:\/\/api.w.org\/{rel}","templated":true}]}}