{"id":93621,"date":"2022-11-21T14:44:28","date_gmt":"2022-11-21T13:44:28","guid":{"rendered":"https:\/\/alpscigar.com\/shop\/non%20class\u00e9\/punch-bracelet-solo-steel-hematite-8mm-taille-l\/"},"modified":"2023-12-08T00:41:12","modified_gmt":"2023-12-07T23:41:12","slug":"punch-bracelet-solo-steel-hematite-8mm-taille-l","status":"publish","type":"product","link":"https:\/\/beta.alpscigar.com\/en\/shop\/cigars-accessories\/coupe-cigares\/les-fines-lames\/punch-bracelet\/punch-bracelet-solo-steel-hematite-8mm-taille-l\/","title":{"rendered":"Punch Bracelet SOLO STEEL Hematite (8MM) Taille L"},"content":{"rendered":"<p>Visit <strong>Punch Bracelet SOLO STEEL Hematite<\/strong> con\u00e7u par Les Fines Lames est le premier accessoire cigare qui se porte comme un bijou. Fabriqu\u00e9 en France par une marque fran\u00e7aise, c&rsquo;est un bracelet \u00e9l\u00e9gant et tendance qui rec\u00e8le un poin\u00e7on de cigare de 7 mm en acier inoxydable 316L. Cette double fonctionnalit\u00e9 vous permettra de toujours avoir votre coupe-cigare sur vous tout en affirmant votre style.<\/p>\n<p>Le Punch Bracelet se manipule tr\u00e8s facilement en quelques \u00e9tapes et il est le seul coupe-cigare qui passe les contr\u00f4les de s\u00e9curit\u00e9 des compagnies a\u00e9riennes. Dans un premier temps, il faut retirer votre bracelet et ouvrir le fermoir pour r\u00e9v\u00e9ler la lame. Ensuite, il suffit de visser la lame dans la t\u00eate de votre cigare ! Facile.<\/p>\n<p>La bo\u00eete comprend votre Punch Bracelet et un outil de nettoyage pour enlever la m\u00e8che de cigare de votre punch, tous les 5-6 cigares perfor\u00e9s.<br \/>\nD&rsquo;aspect m\u00e9tallique, la pierre H\u00e9matite a la particularit\u00e9 de produire une tra\u00een\u00e9e rouge\u00e2tre lorsqu&rsquo;on trace une ligne \u00e0 sa surface, d&rsquo;o\u00f9 son nom \u00ab\u00a0H\u00e9matite\u00a0\u00bb, qui trouve son origine dans le mot grec signifiant \u00ab\u00a0sang\u00a0\u00bb, haimatos. Cette particularit\u00e9 fait de l&rsquo;H\u00e9matite, une pierre \u00e9volutive, se marquant de sa propre histoire.<\/p>\n<p>&#8211; Longueur du bracelet : 20cm (7.1 inch)<br \/>\n&#8211; Taille des perles : 8 mm<br \/>\n&#8211; Type de perles : H\u00e9matite<br \/>\n&#8211; Couleur : Chrom\u00e9<\/p>","protected":false},"excerpt":{"rendered":"<p>1x bracelet coupe-cigare.<\/p>","protected":false},"featured_media":93618,"template":"","meta":{"_acf_changed":false},"product_cat":[29754,29910,32389,16870],"product_tag":[],"bundled_by":[],"bundle_stock_status":"outofstock","bundle_stock_quantity":0,"bundle_virtual":false,"bundle_layout":"","bundle_add_to_cart_form_location":"","bundle_editable_in_cart":false,"bundle_sold_individually_context":"","bundle_item_grouping":"","bundle_min_size":"","bundle_max_size":"","bundled_items":[],"acf":[],"_links":{"self":[{"href":"https:\/\/beta.alpscigar.com\/en\/wp-json\/wp\/v2\/product\/93621"}],"collection":[{"href":"https:\/\/beta.alpscigar.com\/en\/wp-json\/wp\/v2\/product"}],"about":[{"href":"https:\/\/beta.alpscigar.com\/en\/wp-json\/wp\/v2\/types\/product"}],"wp:featuredmedia":[{"embeddable":true,"href":"https:\/\/beta.alpscigar.com\/en\/wp-json\/wp\/v2\/media\/93618"}],"wp:attachment":[{"href":"https:\/\/beta.alpscigar.com\/en\/wp-json\/wp\/v2\/media?parent=93621"}],"wp:term":[{"taxonomy":"product_cat","embeddable":true,"href":"https:\/\/beta.alpscigar.com\/en\/wp-json\/wp\/v2\/product_cat?post=93621"},{"taxonomy":"product_tag","embeddable":true,"href":"https:\/\/beta.alpscigar.com\/en\/wp-json\/wp\/v2\/product_tag?post=93621"}],"curies":[{"name":"wp","href":"https:\/\/api.w.org\/{rel}","templated":true}]}}