{"id":96640,"date":"2022-12-01T16:25:01","date_gmt":"2022-12-01T15:25:01","guid":{"rendered":"https:\/\/alpscigar.com\/?post_type=product&#038;p=96640"},"modified":"2025-05-29T14:32:36","modified_gmt":"2025-05-29T13:32:36","slug":"humidor-guayasamin-ii-1","status":"publish","type":"product","link":"https:\/\/beta.alpscigar.com\/en\/shop\/humidors\/humidor-guayasamin-ii-1\/","title":{"rendered":"Humidor Guayasam\u00edn II (1)"},"content":{"rendered":"<p>L&rsquo;<strong>Humidor Guayasam\u00edn II<\/strong> repr\u00e9sente une \u0153uvre d\u2019art \u00e0 lui-m\u00eame.<\/p>\n<p>En 1996, est cr\u00e9\u00e9 pour Habanos SA une premi\u00e8re cave \u00e0 cigare d\u2019exception, c\u00e9l\u00e9brant l\u2019amiti\u00e9 entre l\u2019artiste \u00e9quatorien Oswaldo Guayasami et Fid\u00e8le Castro, et \u00e0 l\u2019occasion du 30<sup>e<\/sup> anniversaire de Cohiba.<br \/>\nDix ans plus tard, Habanos sa et la Fondation Guayasamin entreprennent la r\u00e9alisation de ce second mod\u00e8le, issu directement d&rsquo;une \u0153uvre de l&rsquo;artiste, sculpt\u00e9e et repr\u00e9sentant une femme voluptueuse. Tout comme la premi\u00e8re \u00e9dition, cet \u0153uvre a \u00e9t\u00e9 r\u00e9alis\u00e9e en un nombre tr\u00e8s restreint d&rsquo;exemplaire.<\/p>\n<p>La cave \u00e0 cigare est en bois de c\u00e8dre \u00e9quatorial massif. Les ferronneries sont en laiton et ont \u00e9t\u00e9 con\u00e7ues par l&rsquo;artiste lui-m\u00eame, \u00e0 la main. L&rsquo;\u0153uvre sur le haut de la cave est recouverte d&rsquo;une poudre d&rsquo;or 24 carats.<\/p>\n<p style=\"margin-bottom: 12.0pt;\">Seuls 50 exemplaires de cet humidor existent \u00e0 travers le monde.<\/p>\n<p>La raret\u00e9 de cet humidor \u00e0 travers le monde, sa conception charg\u00e9e d&rsquo;histoire et la disparition de Guayasami en font un objet d&rsquo;autant plus pr\u00e9cieux.<br \/>\nL&rsquo;humidor ne contient pas de cigares.<\/p>","protected":false},"excerpt":{"rendered":"<p>1 humidor Guayasam\u00edn II<\/p>","protected":false},"featured_media":96641,"template":"","meta":{"_acf_changed":false},"product_cat":[24638,16841,25079],"product_tag":[],"bundled_by":[],"bundle_stock_status":"instock","bundle_stock_quantity":null,"bundle_virtual":false,"bundle_layout":"","bundle_add_to_cart_form_location":"","bundle_editable_in_cart":false,"bundle_sold_individually_context":"","bundle_item_grouping":"","bundle_min_size":"","bundle_max_size":"","bundled_items":[],"acf":[],"_links":{"self":[{"href":"https:\/\/beta.alpscigar.com\/en\/wp-json\/wp\/v2\/product\/96640"}],"collection":[{"href":"https:\/\/beta.alpscigar.com\/en\/wp-json\/wp\/v2\/product"}],"about":[{"href":"https:\/\/beta.alpscigar.com\/en\/wp-json\/wp\/v2\/types\/product"}],"wp:featuredmedia":[{"embeddable":true,"href":"https:\/\/beta.alpscigar.com\/en\/wp-json\/wp\/v2\/media\/96641"}],"wp:attachment":[{"href":"https:\/\/beta.alpscigar.com\/en\/wp-json\/wp\/v2\/media?parent=96640"}],"wp:term":[{"taxonomy":"product_cat","embeddable":true,"href":"https:\/\/beta.alpscigar.com\/en\/wp-json\/wp\/v2\/product_cat?post=96640"},{"taxonomy":"product_tag","embeddable":true,"href":"https:\/\/beta.alpscigar.com\/en\/wp-json\/wp\/v2\/product_tag?post=96640"}],"curies":[{"name":"wp","href":"https:\/\/api.w.org\/{rel}","templated":true}]}}