{"id":13522,"date":"2018-03-29T10:32:39","date_gmt":"2018-03-29T09:32:39","guid":{"rendered":"https:\/\/mkulcarx.preview.infomaniak.website\/produit\/aniversario-double-r-cello-25-cigares\/"},"modified":"2023-12-07T23:08:12","modified_gmt":"2023-12-07T22:08:12","slug":"davidoff-aniversario-double-r-cello-25-cigares","status":"publish","type":"product","link":"https:\/\/beta.alpscigar.com\/zh\/shop\/dominican-cigars\/davidoff\/davidoff-aniversario-double-r-cello-25-cigares\/","title":{"rendered":"Davidoff Aniversario Double R (25)"},"content":{"rendered":"<p>Le Davidoff Aniversario Double R est un v\u00e9ritable double corona et il est un compl\u00e9ment id\u00e9al \u00e0 la s\u00e9rie Davidoff Aniversario. Gr\u00e2ce \u00e0 la taille g\u00e9n\u00e9reuse de l&rsquo;anneau, les ma\u00eetres m\u00e9langeurs Davidoff ont pu cr\u00e9er un m\u00e9lange extr\u00eamement harmonieux, non conventionnel et multicouche de quatre r\u00e9coltes diff\u00e9rentes. Le r\u00e9sultat est un bel \u00e9quilibre de cuir et de poivre.\u00a0Un de nos meilleurs m\u00e9langes.<\/p>","protected":false},"excerpt":{"rendered":"<p>\u6bcf\u76d2 25 \u652f\u3002<\/p>","protected":false},"featured_media":13523,"template":"","meta":{"_acf_changed":false},"product_cat":[24638,21990,24719,23555,14927,14929],"product_tag":[],"bundled_by":[],"bundle_stock_status":"instock","bundle_stock_quantity":null,"bundle_virtual":false,"bundle_layout":"","bundle_add_to_cart_form_location":"","bundle_editable_in_cart":false,"bundle_sold_individually_context":"","bundle_item_grouping":"","bundle_min_size":"","bundle_max_size":"","bundled_items":[],"acf":[],"_links":{"self":[{"href":"https:\/\/beta.alpscigar.com\/zh\/wp-json\/wp\/v2\/product\/13522"}],"collection":[{"href":"https:\/\/beta.alpscigar.com\/zh\/wp-json\/wp\/v2\/product"}],"about":[{"href":"https:\/\/beta.alpscigar.com\/zh\/wp-json\/wp\/v2\/types\/product"}],"wp:featuredmedia":[{"embeddable":true,"href":"https:\/\/beta.alpscigar.com\/zh\/wp-json\/wp\/v2\/media\/13523"}],"wp:attachment":[{"href":"https:\/\/beta.alpscigar.com\/zh\/wp-json\/wp\/v2\/media?parent=13522"}],"wp:term":[{"taxonomy":"product_cat","embeddable":true,"href":"https:\/\/beta.alpscigar.com\/zh\/wp-json\/wp\/v2\/product_cat?post=13522"},{"taxonomy":"product_tag","embeddable":true,"href":"https:\/\/beta.alpscigar.com\/zh\/wp-json\/wp\/v2\/product_tag?post=13522"}],"curies":[{"name":"wp","href":"https:\/\/api.w.org\/{rel}","templated":true}]}}