{"id":13614,"date":"2018-12-18T10:47:34","date_gmt":"2018-12-18T09:47:34","guid":{"rendered":"https:\/\/cigarpassion.ch\/?post_type=product&#038;p=10406"},"modified":"2023-12-15T11:57:57","modified_gmt":"2023-12-15T10:57:57","slug":"arturo-fuente-destino-al-siglo-siglo-de-familia-13","status":"publish","type":"product","link":"https:\/\/beta.alpscigar.com\/zh\/shop\/dominican-cigars\/arturo-fuente\/arturo-fuente-destino-al-siglo-siglo-de-familia-13\/","title":{"rendered":"Arturo Fuente Destino Al Siglo, Siglo de Familia (13)"},"content":{"rendered":"<p><strong>Arturo Fuente Destino Al Siglo &#8211; Siglo de Familia,<\/strong> publi\u00e9 \u00e0 l&rsquo;occasion de son centenaire, est un opus X \u00e0 tirage limit\u00e9 et t\u00e9moigne sans aucun doute de la qualit\u00e9 et du savoir-faire de Fuente.\u00a0Le Destino al Siglo est un cigare extr\u00eamement rare dot\u00e9 d&rsquo;un profil puissant.\u00a0<strong>Le Destino al Siglo a \u00e9t\u00e9 retenu pendant un an<\/strong> pour que la famille Fuente puisse mieux le vieillir avant sa sortie.\u00a0Le cigare a une forte pr\u00e9sence poivr\u00e9e accompagn\u00e9 de notes de chocolat noir, de cuir, de cacao et d&rsquo;un l\u00e9ger terreux.\u00a0Cette s\u00e9lection tr\u00e8s rare de la famille Fuente ne sera disponible que pendant une courte p\u00e9riode et <strong>vous devrez attendre encore 100 ans<\/strong> pour avoir la chance d\u2019essayer la suivante.<\/p>","protected":false},"excerpt":{"rendered":"<p>\u4e00\u76d2 13 \u652f\u96ea\u8304\u3002<\/p>","protected":false},"featured_media":10396,"template":"","meta":{"_acf_changed":false},"product_cat":[24638,23555,20932,22831,1925],"product_tag":[626,2133,1849,9035],"bundled_by":[],"bundle_stock_status":"instock","bundle_stock_quantity":13,"bundle_virtual":false,"bundle_layout":"","bundle_add_to_cart_form_location":"","bundle_editable_in_cart":false,"bundle_sold_individually_context":"","bundle_item_grouping":"","bundle_min_size":"","bundle_max_size":"","bundled_items":[],"acf":[],"_links":{"self":[{"href":"https:\/\/beta.alpscigar.com\/zh\/wp-json\/wp\/v2\/product\/13614"}],"collection":[{"href":"https:\/\/beta.alpscigar.com\/zh\/wp-json\/wp\/v2\/product"}],"about":[{"href":"https:\/\/beta.alpscigar.com\/zh\/wp-json\/wp\/v2\/types\/product"}],"wp:featuredmedia":[{"embeddable":true,"href":"https:\/\/beta.alpscigar.com\/zh\/wp-json\/wp\/v2\/media\/10396"}],"wp:attachment":[{"href":"https:\/\/beta.alpscigar.com\/zh\/wp-json\/wp\/v2\/media?parent=13614"}],"wp:term":[{"taxonomy":"product_cat","embeddable":true,"href":"https:\/\/beta.alpscigar.com\/zh\/wp-json\/wp\/v2\/product_cat?post=13614"},{"taxonomy":"product_tag","embeddable":true,"href":"https:\/\/beta.alpscigar.com\/zh\/wp-json\/wp\/v2\/product_tag?post=13614"}],"curies":[{"name":"wp","href":"https:\/\/api.w.org\/{rel}","templated":true}]}}