{"id":13654,"date":"2018-03-29T10:29:15","date_gmt":"2018-03-29T09:29:15","guid":{"rendered":"https:\/\/mkulcarx.preview.infomaniak.website\/produit\/opus-x-perfecxion-x-tin\/"},"modified":"2023-12-15T18:47:04","modified_gmt":"2023-12-15T17:47:04","slug":"arturo-fuente-opus-x-perfecxion-x-tin","status":"publish","type":"product","link":"https:\/\/beta.alpscigar.com\/zh\/shop\/dominican-cigars\/arturo-fuente\/arturo-fuente-opus-x-perfecxion-x-tin\/","title":{"rendered":"Arturo Fuente\u00a0Opus X Perfecxion X Tin (3)"},"content":{"rendered":"<p>Arturo Fuente\u00a0Opus X Perfecxion X Tin\u00a0est un Toro \u00e0 saveur moyenne \u00e0 pleine et l&rsquo;un des cigares les mieux not\u00e9s au monde car il poss\u00e8de un go\u00fbt complexe et riche, mais reste tr\u00e8s doux au palais.<\/p>\n<p>L&rsquo;Opus X est une super prime fabriqu\u00e9e en R\u00e9publique dominicaine et comme ils sont fabriqu\u00e9s en quantit\u00e9 tr\u00e8s limit\u00e9e, il s&rsquo;agit d&rsquo;un cigare rare \u00e0 obtenir. Cela vaut la peine, cependant, car l&rsquo;Arturo Fuente\u00a0Opus X Perfecxion X Tin vous r\u00e9compensera avec une saveur distinctive et exquise.<\/p>","protected":false},"excerpt":{"rendered":"<p>Arturo Fuente\u00a0Opus X Perfecxion X Tin\u00a0est un Toro \u00e0 saveur moyenne \u00e0 pleine et l&rsquo;un des cigares les mieux not\u00e9s au monde.<\/p>","protected":false},"featured_media":8697,"template":"","meta":{"_acf_changed":false},"product_cat":[24638,23555,20932,15329],"product_tag":[],"bundled_by":[],"bundle_stock_status":"instock","bundle_stock_quantity":14,"bundle_virtual":false,"bundle_layout":"","bundle_add_to_cart_form_location":"","bundle_editable_in_cart":false,"bundle_sold_individually_context":"","bundle_item_grouping":"","bundle_min_size":"","bundle_max_size":"","bundled_items":[],"acf":[],"_links":{"self":[{"href":"https:\/\/beta.alpscigar.com\/zh\/wp-json\/wp\/v2\/product\/13654"}],"collection":[{"href":"https:\/\/beta.alpscigar.com\/zh\/wp-json\/wp\/v2\/product"}],"about":[{"href":"https:\/\/beta.alpscigar.com\/zh\/wp-json\/wp\/v2\/types\/product"}],"wp:featuredmedia":[{"embeddable":true,"href":"https:\/\/beta.alpscigar.com\/zh\/wp-json\/wp\/v2\/media\/8697"}],"wp:attachment":[{"href":"https:\/\/beta.alpscigar.com\/zh\/wp-json\/wp\/v2\/media?parent=13654"}],"wp:term":[{"taxonomy":"product_cat","embeddable":true,"href":"https:\/\/beta.alpscigar.com\/zh\/wp-json\/wp\/v2\/product_cat?post=13654"},{"taxonomy":"product_tag","embeddable":true,"href":"https:\/\/beta.alpscigar.com\/zh\/wp-json\/wp\/v2\/product_tag?post=13654"}],"curies":[{"name":"wp","href":"https:\/\/api.w.org\/{rel}","templated":true}]}}