{"id":13682,"date":"2018-03-29T10:29:15","date_gmt":"2018-03-29T09:29:15","guid":{"rendered":"https:\/\/mkulcarx.preview.infomaniak.website\/produit\/opus-x-double-robusto\/"},"modified":"2023-12-07T23:08:15","modified_gmt":"2023-12-07T22:08:15","slug":"arturo-fuente-opus-x-double-robusto","status":"publish","type":"product","link":"https:\/\/beta.alpscigar.com\/zh\/shop\/dominican-cigars\/arturo-fuente\/arturo-fuente-opus-x-double-robusto\/","title":{"rendered":"Arturo Fuente\u00a0Opus X Double Robusto (42)"},"content":{"rendered":"<p>Arturo Fuente\u00a0Opus X Double Robusto\u00a0est fait \u00e0 la main avec une cape parfaite de Rosado dominicaine, des tripes et sous-capes provenant de la R\u00e9publique Dominicaine. Ce cigare \u00e9pic\u00e9 et cors\u00e9 est un super premium fabriqu\u00e9 en R\u00e9publique dominicaine et comme ils sont fabriqu\u00e9s en quantit\u00e9s tr\u00e8s limit\u00e9es, c&rsquo;est un cigare rare \u00e0 avoir dans votre cave.<\/p>","protected":false},"excerpt":{"rendered":"<p>Arturo Fuente\u00a0Opus X Double Robusto\u00a0est fait \u00e0 la main avec une cape parfaite de Rosado dominicaine.<\/p>","protected":false},"featured_media":8693,"template":"","meta":{"_acf_changed":false},"product_cat":[24638,23555,20932,15329],"product_tag":[],"bundled_by":[],"bundle_stock_status":"instock","bundle_stock_quantity":null,"bundle_virtual":false,"bundle_layout":"","bundle_add_to_cart_form_location":"","bundle_editable_in_cart":false,"bundle_sold_individually_context":"","bundle_item_grouping":"","bundle_min_size":"","bundle_max_size":"","bundled_items":[],"acf":[],"_links":{"self":[{"href":"https:\/\/beta.alpscigar.com\/zh\/wp-json\/wp\/v2\/product\/13682"}],"collection":[{"href":"https:\/\/beta.alpscigar.com\/zh\/wp-json\/wp\/v2\/product"}],"about":[{"href":"https:\/\/beta.alpscigar.com\/zh\/wp-json\/wp\/v2\/types\/product"}],"wp:featuredmedia":[{"embeddable":true,"href":"https:\/\/beta.alpscigar.com\/zh\/wp-json\/wp\/v2\/media\/8693"}],"wp:attachment":[{"href":"https:\/\/beta.alpscigar.com\/zh\/wp-json\/wp\/v2\/media?parent=13682"}],"wp:term":[{"taxonomy":"product_cat","embeddable":true,"href":"https:\/\/beta.alpscigar.com\/zh\/wp-json\/wp\/v2\/product_cat?post=13682"},{"taxonomy":"product_tag","embeddable":true,"href":"https:\/\/beta.alpscigar.com\/zh\/wp-json\/wp\/v2\/product_tag?post=13682"}],"curies":[{"name":"wp","href":"https:\/\/api.w.org\/{rel}","templated":true}]}}