{"id":13726,"date":"2018-03-29T10:29:08","date_gmt":"2018-03-29T09:29:08","guid":{"rendered":"https:\/\/mkulcarx.preview.infomaniak.website\/produit\/hemingway-classic-2\/"},"modified":"2025-05-29T14:12:33","modified_gmt":"2025-05-29T13:12:33","slug":"hemingway-classic-2","status":"publish","type":"product","link":"https:\/\/beta.alpscigar.com\/zh\/shop\/dominican-cigars\/arturo-fuente\/hemingway-classic-2\/","title":{"rendered":"Arturo Fuente Hemingway Classic (25)"},"content":{"rendered":"<p>Le Arturo Fuente Hemingway Classic. Cigare perfecto sym\u00e9trique artisanalement magistral qui est non seulement \u00e9poustouflant, mais offre \u00e9galement une superbe saveur de tabac avec des notes d&rsquo;agrumes, de c\u00e8dre et de caf\u00e9. Sa cape Camerounaise est irr\u00e9prochable et la construction de ce cigare est une \u0153uvre d&rsquo;art. <strong>Class\u00e9 93 et nomm\u00e9 Humidor Selection par Cigar Aficionado, ce cigare a figur\u00e9 dans le Top 25 des cigares de l\u2019ann\u00e9e 2009.<\/strong><\/p>","protected":false},"excerpt":{"rendered":"<p>\u6bcf\u76d2 25 \u652f\u3002<\/p>","protected":false},"featured_media":13727,"template":"","meta":{"_acf_changed":false},"product_cat":[24791,23555,20932,21489],"product_tag":[1735,942,1736,941,1721],"bundled_by":[],"bundle_stock_status":"instock","bundle_stock_quantity":5,"bundle_virtual":false,"bundle_layout":"","bundle_add_to_cart_form_location":"","bundle_editable_in_cart":false,"bundle_sold_individually_context":"","bundle_item_grouping":"","bundle_min_size":"","bundle_max_size":"","bundled_items":[],"acf":[],"_links":{"self":[{"href":"https:\/\/beta.alpscigar.com\/zh\/wp-json\/wp\/v2\/product\/13726"}],"collection":[{"href":"https:\/\/beta.alpscigar.com\/zh\/wp-json\/wp\/v2\/product"}],"about":[{"href":"https:\/\/beta.alpscigar.com\/zh\/wp-json\/wp\/v2\/types\/product"}],"wp:featuredmedia":[{"embeddable":true,"href":"https:\/\/beta.alpscigar.com\/zh\/wp-json\/wp\/v2\/media\/13727"}],"wp:attachment":[{"href":"https:\/\/beta.alpscigar.com\/zh\/wp-json\/wp\/v2\/media?parent=13726"}],"wp:term":[{"taxonomy":"product_cat","embeddable":true,"href":"https:\/\/beta.alpscigar.com\/zh\/wp-json\/wp\/v2\/product_cat?post=13726"},{"taxonomy":"product_tag","embeddable":true,"href":"https:\/\/beta.alpscigar.com\/zh\/wp-json\/wp\/v2\/product_tag?post=13726"}],"curies":[{"name":"wp","href":"https:\/\/api.w.org\/{rel}","templated":true}]}}