{"id":13927,"date":"2018-03-29T10:33:02","date_gmt":"2018-03-29T09:33:02","guid":{"rendered":"https:\/\/mkulcarx.preview.infomaniak.website\/produit\/yamasa-robusto-12-cigares\/"},"modified":"2023-12-07T23:01:14","modified_gmt":"2023-12-07T22:01:14","slug":"davidoff-yamasa-robusto-12-cigares","status":"publish","type":"product","link":"https:\/\/beta.alpscigar.com\/zh\/shop\/dominican-cigars\/davidoff\/davidoff-yamasa-robusto-12-cigares\/","title":{"rendered":"Davidoff Yamasa Robusto (12)"},"content":{"rendered":"<p>La nouvelle s\u00e9rie Davidoff Yamas\u00e1 combine des vari\u00e9t\u00e9s de tabac du Nicaragua et de la R\u00e9publique dominicaine avec une cape et une sous-cape de la r\u00e9gion de Yamas\u00e1. Le caract\u00e8re terreux de la r\u00e9gion de Yamas\u00e1 combin\u00e9 aux ar\u00f4mes d\u2019\u00e9pices et \u00e0 la douceur des vari\u00e9t\u00e9s de tabac nicaraguayennes Estel\u00ed et Condega et des vari\u00e9t\u00e9s de tabac dominicaines Piloto et Mejorado, g\u00e2teront vos papilles gustatives comme jamais auparavant. Le Davidoff Yamasa Robusto inspire avec une pl\u00e9nitude intense et complexe, qui se r\u00e9v\u00e8le lentement par une s\u00e9rie de saveurs merveilleuses: noix et \u00e9pices, caf\u00e9, bois de c\u00e8dre et notes de poivre noir. R\u00e9jouissez-vous d\u2019un cigare qui br\u00fble avec le m\u00eame esprit pionnier que son cr\u00e9ateur. Vous serez surpris de la fa\u00e7on dont il l\u2019a fait \u2026 La r\u00e9ponse est simple : gr\u00e2ce \u00e0 sa conviction in\u00e9branlable, il l\u2019a fait.<\/p>","protected":false},"excerpt":{"rendered":"<p>\u6bcf\u76d2 12 \u652f\u3002<\/p>","protected":false},"featured_media":13877,"template":"","meta":{"_acf_changed":false},"product_cat":[23555,14927,14949],"product_tag":[],"bundled_by":[],"bundle_stock_status":"instock","bundle_stock_quantity":null,"bundle_virtual":false,"bundle_layout":"","bundle_add_to_cart_form_location":"","bundle_editable_in_cart":false,"bundle_sold_individually_context":"","bundle_item_grouping":"","bundle_min_size":"","bundle_max_size":"","bundled_items":[],"acf":[],"_links":{"self":[{"href":"https:\/\/beta.alpscigar.com\/zh\/wp-json\/wp\/v2\/product\/13927"}],"collection":[{"href":"https:\/\/beta.alpscigar.com\/zh\/wp-json\/wp\/v2\/product"}],"about":[{"href":"https:\/\/beta.alpscigar.com\/zh\/wp-json\/wp\/v2\/types\/product"}],"wp:featuredmedia":[{"embeddable":true,"href":"https:\/\/beta.alpscigar.com\/zh\/wp-json\/wp\/v2\/media\/13877"}],"wp:attachment":[{"href":"https:\/\/beta.alpscigar.com\/zh\/wp-json\/wp\/v2\/media?parent=13927"}],"wp:term":[{"taxonomy":"product_cat","embeddable":true,"href":"https:\/\/beta.alpscigar.com\/zh\/wp-json\/wp\/v2\/product_cat?post=13927"},{"taxonomy":"product_tag","embeddable":true,"href":"https:\/\/beta.alpscigar.com\/zh\/wp-json\/wp\/v2\/product_tag?post=13927"}],"curies":[{"name":"wp","href":"https:\/\/api.w.org\/{rel}","templated":true}]}}