{"id":13941,"date":"2018-03-29T10:32:54","date_gmt":"2018-03-29T09:32:54","guid":{"rendered":"https:\/\/mkulcarx.preview.infomaniak.website\/produit\/winston-churchill-late-hour-toro-20-cigares\/"},"modified":"2023-11-27T13:30:16","modified_gmt":"2023-11-27T12:30:16","slug":"davidoff-winston-churchill-late-hour-toro-20-cigares","status":"publish","type":"product","link":"https:\/\/beta.alpscigar.com\/zh\/shop\/dominican-cigars\/davidoff\/davidoff-winston-churchill-late-hour-toro-20-cigares\/","title":{"rendered":"Davidoff Winston Churchill Late Hour Toro (20)"},"content":{"rendered":"<p>Quand la fin de soir\u00e9e est le d\u00e9but de quelque chose de nouveau. Et la nuit est accompagn\u00e9e de r\u00e9flexions et de discussions int\u00e9ressantes, c\u2019est le moment pour \u2013 The Late Hour. Le Davidoff Winston Churchill Late Hour Toro lui-m\u00eame devrait faire l\u2019objet d\u2019une conversation car il a sa propre histoire unique. Votre tabac est vieilli dans des f\u00fbts des meilleurs whisky \u00e9cossais single malt. Cela conf\u00e8re au cigare une complexit\u00e9, une profondeur et des ar\u00f4mes extr\u00eamement riches uniques qui stimuleront \u00e0 la fois votre palais et vos conversations.<\/p>\n<p>Les deux tabacs du Nicaragua, qui sont cultiv\u00e9s dans les sols volcaniques riches en min\u00e9raux de Condega et Estel\u00ed, donnent la saveur et le caract\u00e8re du cigare. En particulier, le Condega Visus du Nicaragua, qui m\u00fbrit dans des f\u00fbts de whisky single malt Scotch originaux, conf\u00e8re au cigare une douceur et une profondeur de go\u00fbt myst\u00e9rieuses.\u00a0Les deux diff\u00e9rents tabacs \u00e0 Visus de la R\u00e9publique dominicaine et la tripe mexicaine fonc\u00e9e cr\u00e9ent ensemble la complexit\u00e9 de ce m\u00e9lange cors\u00e9. Des saveurs et des ar\u00f4mes distinctifs g\u00e2chent le palais avec des notes changeantes de poivre noir, de caf\u00e9 noir, de douceur, de vieux cuir, de bois et d\u2019\u00e9pices.<\/p>\n<p>Pour refl\u00e9ter l\u2019obscurit\u00e9 de la nuit o\u00f9 Sir Winston \u00e9tait le plus cr\u00e9atif, Davidoff a choisi une cape Habano brillante et huileuse de l\u2019\u00c9quateur dans un riche ton chocolat fonc\u00e9. vieux cuir, bois et \u00e9pices.<\/p>","protected":false},"excerpt":{"rendered":"<p>\u6bcf\u76d2 20 \u652f\u3002<\/p>","protected":false},"featured_media":13920,"template":"","meta":{"_acf_changed":false},"product_cat":[24791,24638,23555,14927,14947],"product_tag":[],"bundled_by":[],"bundle_stock_status":"instock","bundle_stock_quantity":null,"bundle_virtual":false,"bundle_layout":"","bundle_add_to_cart_form_location":"","bundle_editable_in_cart":false,"bundle_sold_individually_context":"","bundle_item_grouping":"","bundle_min_size":"","bundle_max_size":"","bundled_items":[],"acf":[],"_links":{"self":[{"href":"https:\/\/beta.alpscigar.com\/zh\/wp-json\/wp\/v2\/product\/13941"}],"collection":[{"href":"https:\/\/beta.alpscigar.com\/zh\/wp-json\/wp\/v2\/product"}],"about":[{"href":"https:\/\/beta.alpscigar.com\/zh\/wp-json\/wp\/v2\/types\/product"}],"wp:featuredmedia":[{"embeddable":true,"href":"https:\/\/beta.alpscigar.com\/zh\/wp-json\/wp\/v2\/media\/13920"}],"wp:attachment":[{"href":"https:\/\/beta.alpscigar.com\/zh\/wp-json\/wp\/v2\/media?parent=13941"}],"wp:term":[{"taxonomy":"product_cat","embeddable":true,"href":"https:\/\/beta.alpscigar.com\/zh\/wp-json\/wp\/v2\/product_cat?post=13941"},{"taxonomy":"product_tag","embeddable":true,"href":"https:\/\/beta.alpscigar.com\/zh\/wp-json\/wp\/v2\/product_tag?post=13941"}],"curies":[{"name":"wp","href":"https:\/\/api.w.org\/{rel}","templated":true}]}}