{"id":13947,"date":"2018-03-29T10:32:54","date_gmt":"2018-03-29T09:32:54","guid":{"rendered":"https:\/\/mkulcarx.preview.infomaniak.website\/produit\/dav-wsc-toro\/"},"modified":"2023-12-07T23:10:16","modified_gmt":"2023-12-07T22:10:16","slug":"davidoff-winston-churchill-toro-20","status":"publish","type":"product","link":"https:\/\/beta.alpscigar.com\/zh\/shop\/dominican-cigars\/davidoff\/davidoff-winston-churchill-toro-20\/","title":{"rendered":"Davidoff Winston Churchill Toro (20)"},"content":{"rendered":"<p><strong>Davidoff Winston Churchill Toro.<\/strong>\u00a0Commandant redoutable, <strong>Winston Churchill a exerc\u00e9 sa personnalit\u00e9 imposante sur les nombreuses forces et ressources<\/strong> qu\u2019il dirigeait.\u00a0C&rsquo;\u00e9tait un colosse de personnage dans tous les sens du terme.\u00a0Rien ne refl\u00e8te mieux cette facette de l&rsquo;homme que le format Toro.\u00a0Portant la plus grande jauge \u00e0 anneau de la gamme Winston Churchill, il s\u2019agit d\u2019un cigare grandi, des premi\u00e8res notes bois\u00e9es et \u00e9pic\u00e9es au cuir, en passant par les influences cr\u00e9meuses et douces d&rsquo;une sous-cape mexicaine jusqu\u2019au dernier m\u00e9lange de saveurs triomphant, gr\u00e2ce aux tabacs de tripes nicaraguayennes de Esteli et Condegas.\u00a0Ceci est un cigare qui suit les traces du Grand Homme et commande votre attention.<\/p>","protected":false},"excerpt":{"rendered":"<p>\u6bcf\u76d2 20 \u652f\u3002<\/p>","protected":false},"featured_media":13898,"template":"","meta":{"_acf_changed":false},"product_cat":[23555,14927,14945],"product_tag":[9538,1849,2095],"bundled_by":[],"bundle_stock_status":"instock","bundle_stock_quantity":null,"bundle_virtual":false,"bundle_layout":"","bundle_add_to_cart_form_location":"","bundle_editable_in_cart":false,"bundle_sold_individually_context":"","bundle_item_grouping":"","bundle_min_size":"","bundle_max_size":"","bundled_items":[],"acf":[],"_links":{"self":[{"href":"https:\/\/beta.alpscigar.com\/zh\/wp-json\/wp\/v2\/product\/13947"}],"collection":[{"href":"https:\/\/beta.alpscigar.com\/zh\/wp-json\/wp\/v2\/product"}],"about":[{"href":"https:\/\/beta.alpscigar.com\/zh\/wp-json\/wp\/v2\/types\/product"}],"wp:featuredmedia":[{"embeddable":true,"href":"https:\/\/beta.alpscigar.com\/zh\/wp-json\/wp\/v2\/media\/13898"}],"wp:attachment":[{"href":"https:\/\/beta.alpscigar.com\/zh\/wp-json\/wp\/v2\/media?parent=13947"}],"wp:term":[{"taxonomy":"product_cat","embeddable":true,"href":"https:\/\/beta.alpscigar.com\/zh\/wp-json\/wp\/v2\/product_cat?post=13947"},{"taxonomy":"product_tag","embeddable":true,"href":"https:\/\/beta.alpscigar.com\/zh\/wp-json\/wp\/v2\/product_tag?post=13947"}],"curies":[{"name":"wp","href":"https:\/\/api.w.org\/{rel}","templated":true}]}}