{"id":13949,"date":"2018-03-29T10:32:54","date_gmt":"2018-03-29T09:32:54","guid":{"rendered":"https:\/\/mkulcarx.preview.infomaniak.website\/produit\/dav-wsc-robusto\/"},"modified":"2023-11-27T13:30:16","modified_gmt":"2023-11-27T12:30:16","slug":"davidoff-winston-churchill-robusto-20","status":"publish","type":"product","link":"https:\/\/beta.alpscigar.com\/zh\/shop\/dominican-cigars\/davidoff\/davidoff-winston-churchill-robusto-20\/","title":{"rendered":"Davidoff Winston Churchill Robusto (20)"},"content":{"rendered":"<p>En tant que grand homme d&rsquo;\u00c9tat de l&rsquo;histoire, Sir Winston savait que l&rsquo;\u00e9quilibre \u00e9tait essentiel pour s&rsquo;acquitter de ses responsabilit\u00e9s. Le chef de la nation et l&rsquo;homme du peuple. Le politicien et l&rsquo;humanitaire. Le strat\u00e8ge militaire et le diplomate. Et bien s\u00fbr, un personnage fort. La m\u00eame chose s&rsquo;applique \u00e0 ce cigare Robusto. Ses ar\u00f4mes de cuir et de caf\u00e9 noir harmonis\u00e9s, agr\u00e9ment\u00e9s de tabacs de la R\u00e9publique dominicaine, du Nicaragua et du Mexique, mari\u00e9s \u00e0 une cape grasse et soyeuse de l\u2019\u00c9quateur, r\u00e9alisent \u00e9galement un \u00e9quilibre parfait. Le <strong>Davidoff Winston Churchill Robusto a un tirage exceptionnel.<\/strong><\/p>","protected":false},"excerpt":{"rendered":"<p>\u6bcf\u76d2 20 \u652f\u3002<\/p>","protected":false},"featured_media":13900,"template":"","meta":{"_acf_changed":false},"product_cat":[24791,24638,23555,14927,14945],"product_tag":[9527],"bundled_by":[],"bundle_stock_status":"instock","bundle_stock_quantity":null,"bundle_virtual":false,"bundle_layout":"","bundle_add_to_cart_form_location":"","bundle_editable_in_cart":false,"bundle_sold_individually_context":"","bundle_item_grouping":"","bundle_min_size":"","bundle_max_size":"","bundled_items":[],"acf":[],"_links":{"self":[{"href":"https:\/\/beta.alpscigar.com\/zh\/wp-json\/wp\/v2\/product\/13949"}],"collection":[{"href":"https:\/\/beta.alpscigar.com\/zh\/wp-json\/wp\/v2\/product"}],"about":[{"href":"https:\/\/beta.alpscigar.com\/zh\/wp-json\/wp\/v2\/types\/product"}],"wp:featuredmedia":[{"embeddable":true,"href":"https:\/\/beta.alpscigar.com\/zh\/wp-json\/wp\/v2\/media\/13900"}],"wp:attachment":[{"href":"https:\/\/beta.alpscigar.com\/zh\/wp-json\/wp\/v2\/media?parent=13949"}],"wp:term":[{"taxonomy":"product_cat","embeddable":true,"href":"https:\/\/beta.alpscigar.com\/zh\/wp-json\/wp\/v2\/product_cat?post=13949"},{"taxonomy":"product_tag","embeddable":true,"href":"https:\/\/beta.alpscigar.com\/zh\/wp-json\/wp\/v2\/product_tag?post=13949"}],"curies":[{"name":"wp","href":"https:\/\/api.w.org\/{rel}","templated":true}]}}