{"id":13951,"date":"2018-03-29T10:32:54","date_gmt":"2018-03-29T09:32:54","guid":{"rendered":"https:\/\/mkulcarx.preview.infomaniak.website\/produit\/dav-wsc-petit-corona\/"},"modified":"2023-12-07T23:04:16","modified_gmt":"2023-12-07T22:04:16","slug":"davidoff-winston-churchill-petit-corona-20","status":"publish","type":"product","link":"https:\/\/beta.alpscigar.com\/zh\/shop\/dominican-cigars\/davidoff\/davidoff-winston-churchill-petit-corona-20\/","title":{"rendered":"\u5927\u536b\u675c\u592b Winston Churchill Petit Corona\uff0820\uff09"},"content":{"rendered":"<p>Le Davidoff Sir Winston Churchill petit Corona est habill\u00e9 d\u2019une cape d\u2019\u00c9quateur brillante et huileuse et d\u2019une sous-cape Mexicaine. Sa tripe est faite d\u2019un savant assemblage de tabacs du Nicaragua et de R\u00e9publique Dominicaine. Petit, mais constant, court mais soutenu, il a un tirage exceptionnel et repr\u00e9sente habilement toute la qualit\u00e9 de fabrication Davidoff. Il montre toute sa puissance dans le deuxi\u00e8me tiers, vu son petit format. C\u2019est un cigare de caract\u00e8re pour un court mais intense moment.<\/p>","protected":false},"excerpt":{"rendered":"<p>\u6bcf\u76d2 20 \u652f\u3002<\/p>","protected":false},"featured_media":13902,"template":"","meta":{"_acf_changed":false},"product_cat":[24638,21990,24719,23555,14927,14945],"product_tag":[],"bundled_by":[],"bundle_stock_status":"instock","bundle_stock_quantity":null,"bundle_virtual":false,"bundle_layout":"","bundle_add_to_cart_form_location":"","bundle_editable_in_cart":false,"bundle_sold_individually_context":"","bundle_item_grouping":"","bundle_min_size":"","bundle_max_size":"","bundled_items":[],"acf":[],"_links":{"self":[{"href":"https:\/\/beta.alpscigar.com\/zh\/wp-json\/wp\/v2\/product\/13951"}],"collection":[{"href":"https:\/\/beta.alpscigar.com\/zh\/wp-json\/wp\/v2\/product"}],"about":[{"href":"https:\/\/beta.alpscigar.com\/zh\/wp-json\/wp\/v2\/types\/product"}],"wp:featuredmedia":[{"embeddable":true,"href":"https:\/\/beta.alpscigar.com\/zh\/wp-json\/wp\/v2\/media\/13902"}],"wp:attachment":[{"href":"https:\/\/beta.alpscigar.com\/zh\/wp-json\/wp\/v2\/media?parent=13951"}],"wp:term":[{"taxonomy":"product_cat","embeddable":true,"href":"https:\/\/beta.alpscigar.com\/zh\/wp-json\/wp\/v2\/product_cat?post=13951"},{"taxonomy":"product_tag","embeddable":true,"href":"https:\/\/beta.alpscigar.com\/zh\/wp-json\/wp\/v2\/product_tag?post=13951"}],"curies":[{"name":"wp","href":"https:\/\/api.w.org\/{rel}","templated":true}]}}