{"id":13969,"date":"2018-03-29T10:32:47","date_gmt":"2018-03-29T09:32:47","guid":{"rendered":"https:\/\/mkulcarx.preview.infomaniak.website\/produit\/millenium-blend-piramides-cello-4-cig\/"},"modified":"2023-12-07T23:00:16","modified_gmt":"2023-12-07T22:00:16","slug":"davidoff-millenium-blend-piramides-cello-4-cigares","status":"publish","type":"product","link":"https:\/\/beta.alpscigar.com\/zh\/shop\/dominican-cigars\/davidoff\/davidoff-millenium-blend-piramides-cello-4-cigares\/","title":{"rendered":"Davidoff Millennium Blend Piramides Etui (4)"},"content":{"rendered":"<p>Rien qu\u2019avec son allure raffin\u00e9e, le Davidoff Millennium Blend Piramides fait succomber les fumeurs inv\u00e9t\u00e9r\u00e9s de cigares.<\/p>\n<p>La vitole s\u2019est vu attribuer un module pyramides caract\u00e9ris\u00e9 par une t\u00eate en c\u00f4ne et un pied dot\u00e9 d\u2019une surface plane. Cette forme rappelle une pyramide aux contours arrondis. Davidoff offre \u00e0 ses inconditionnels un petit chef-d\u2019\u0153uvre de 155 mm de longueur et de 20 mm de diam\u00e8tre. L\u2019ensemble de ces dimensions donne un calibre 52 \u00e0 affronter durant une heure de d\u00e9gustation.<\/p>\n<p>Les cigares premium\u00a0Davidoff Millennium Blend\u00a0Piramides b\u00e9n\u00e9ficient d\u2019une qualit\u00e9 de finition exceptionnelle. Ils sont fabriqu\u00e9s \u00e0 la main en R\u00e9publique dominicaine. La production enti\u00e8re est confi\u00e9e aux rouleurs de la fabrique de cigares Tabadom. Toutes les pi\u00e8ces re\u00e7oivent une cape faite de tabac Sungrown d\u2019origine \u00e9quatorienne et faisant l\u2019objet d\u2019une culture en plein air. Les tabacs dominicains sont r\u00e9serv\u00e9s \u00e0 la confection de la tripe et de la sous-cape.<\/p>\n<p>Les fans de cigares au go\u00fbt cors\u00e9 appr\u00e9cient cette vitole riche en ar\u00f4mes. Chaque fois que la fum\u00e9e se r\u00e9pand en bouche, le fumeur reconna\u00eet ais\u00e9ment des notes terreuses, une touche \u00e9pic\u00e9e, un go\u00fbt d\u2019amande, la saveur de la cerise et surtout, la senteur d\u2019un caf\u00e9 en pleine torr\u00e9faction. Le m\u00e9lange de tabacs orchestr\u00e9 par Davidoff donne naissance \u00e0 un cigare moyen fort. Le cigare re\u00e7oit un g\u00e9n\u00e9reux 94\/100 de la part des d\u00e9gustateurs du magazine Cigar Aficionado.<\/p>","protected":false},"excerpt":{"rendered":"<p>\u4e00\u7bb1 4 \u652f\u96ea\u8304\u3002<\/p>","protected":false},"featured_media":13970,"template":"","meta":{"_acf_changed":false},"product_cat":[24638,23555,14927,14937],"product_tag":[],"bundled_by":[],"bundle_stock_status":"instock","bundle_stock_quantity":null,"bundle_virtual":false,"bundle_layout":"","bundle_add_to_cart_form_location":"","bundle_editable_in_cart":false,"bundle_sold_individually_context":"","bundle_item_grouping":"","bundle_min_size":"","bundle_max_size":"","bundled_items":[],"acf":[],"_links":{"self":[{"href":"https:\/\/beta.alpscigar.com\/zh\/wp-json\/wp\/v2\/product\/13969"}],"collection":[{"href":"https:\/\/beta.alpscigar.com\/zh\/wp-json\/wp\/v2\/product"}],"about":[{"href":"https:\/\/beta.alpscigar.com\/zh\/wp-json\/wp\/v2\/types\/product"}],"wp:featuredmedia":[{"embeddable":true,"href":"https:\/\/beta.alpscigar.com\/zh\/wp-json\/wp\/v2\/media\/13970"}],"wp:attachment":[{"href":"https:\/\/beta.alpscigar.com\/zh\/wp-json\/wp\/v2\/media?parent=13969"}],"wp:term":[{"taxonomy":"product_cat","embeddable":true,"href":"https:\/\/beta.alpscigar.com\/zh\/wp-json\/wp\/v2\/product_cat?post=13969"},{"taxonomy":"product_tag","embeddable":true,"href":"https:\/\/beta.alpscigar.com\/zh\/wp-json\/wp\/v2\/product_tag?post=13969"}],"curies":[{"name":"wp","href":"https:\/\/api.w.org\/{rel}","templated":true}]}}