{"id":13982,"date":"2018-03-29T10:32:47","date_gmt":"2018-03-29T09:32:47","guid":{"rendered":"https:\/\/mkulcarx.preview.infomaniak.website\/produit\/millenium-blend-toro-cello-10-cigares\/"},"modified":"2023-12-07T23:04:14","modified_gmt":"2023-12-07T22:04:14","slug":"davidoff-millenium-blend-toro-cello-10-cigares","status":"publish","type":"product","link":"https:\/\/beta.alpscigar.com\/zh\/shop\/dominican-cigars\/davidoff\/davidoff-millenium-blend-toro-cello-10-cigares\/","title":{"rendered":"Davidoff Millennium Blend Toro (10)"},"content":{"rendered":"<p>Le format Davidoff Millennium Blend Toro est g\u00e9n\u00e9reux: il souligne ar\u00f4mes et saveurs de caf\u00e9 torr\u00e9fi\u00e9, caramel intenses.<\/p>","protected":false},"excerpt":{"rendered":"<p>\u6bcf\u76d2 10 \u652f\u96ea\u8304\u3002<\/p>","protected":false},"featured_media":13983,"template":"","meta":{"_acf_changed":false},"product_cat":[24638,21990,24719,23555,14927,14937],"product_tag":[],"bundled_by":[],"bundle_stock_status":"instock","bundle_stock_quantity":null,"bundle_virtual":false,"bundle_layout":"","bundle_add_to_cart_form_location":"","bundle_editable_in_cart":false,"bundle_sold_individually_context":"","bundle_item_grouping":"","bundle_min_size":"","bundle_max_size":"","bundled_items":[],"acf":[],"_links":{"self":[{"href":"https:\/\/beta.alpscigar.com\/zh\/wp-json\/wp\/v2\/product\/13982"}],"collection":[{"href":"https:\/\/beta.alpscigar.com\/zh\/wp-json\/wp\/v2\/product"}],"about":[{"href":"https:\/\/beta.alpscigar.com\/zh\/wp-json\/wp\/v2\/types\/product"}],"wp:featuredmedia":[{"embeddable":true,"href":"https:\/\/beta.alpscigar.com\/zh\/wp-json\/wp\/v2\/media\/13983"}],"wp:attachment":[{"href":"https:\/\/beta.alpscigar.com\/zh\/wp-json\/wp\/v2\/media?parent=13982"}],"wp:term":[{"taxonomy":"product_cat","embeddable":true,"href":"https:\/\/beta.alpscigar.com\/zh\/wp-json\/wp\/v2\/product_cat?post=13982"},{"taxonomy":"product_tag","embeddable":true,"href":"https:\/\/beta.alpscigar.com\/zh\/wp-json\/wp\/v2\/product_tag?post=13982"}],"curies":[{"name":"wp","href":"https:\/\/api.w.org\/{rel}","templated":true}]}}