{"id":14067,"date":"2018-03-29T10:32:39","date_gmt":"2018-03-29T09:32:39","guid":{"rendered":"https:\/\/mkulcarx.preview.infomaniak.website\/produit\/millenium-blend-robusto-cello-4-cigares\/"},"modified":"2023-12-07T23:00:15","modified_gmt":"2023-12-07T22:00:15","slug":"davidoff-millenium-blend-robusto-cello-4-cigares","status":"publish","type":"product","link":"https:\/\/beta.alpscigar.com\/zh\/shop\/dominican-cigars\/davidoff\/davidoff-millenium-blend-robusto-cello-4-cigares\/","title":{"rendered":"Davidoff Millennium Blend Robusto Etui (4)"},"content":{"rendered":"<p>Le cigare Davidoff Millennium Blend Robusto mesure 133.3 mm de longueur et son diam\u00e8tre fait 19.83 mm. Le module affich\u00e9 est un robusto.<\/p>\n<p>Les Davidoff Millennium Blend Robusto sont roul\u00e9s \u00e0 la main dans la manufacture Tabadom implant\u00e9e en R\u00e9publique dominicaine. Les r\u00e9sultats sont des cigares bien compacts de calibre 50. La d\u00e9gustation d\u2019une pi\u00e8ce de Millennium Blend Robusto prend 45 minutes. Le m\u00e9lange de tabacs que contiennent la tripe et la sous-cape est domin\u00e9 par la vari\u00e9t\u00e9 Piloto propre au terroir dominicain. Les feuilles de cape viennent d\u2019\u00c9quateur o\u00f9 elles ont pouss\u00e9 dans des plantations expos\u00e9es aux rayons et \u00e0 la chaleur du soleil.<\/p>\n<p>La combustibilit\u00e9 du Davidoff Millennium Blend Robusto se d\u00e9roule impeccablement. Le cigare se caract\u00e9rise par la diversit\u00e9 de ses ar\u00f4mes. Ces derniers se d\u00e9voilent avec intensit\u00e9 et se d\u00e9ploient harmonieusement sur le palais du fumeur. Les ar\u00f4mes dominants sont ceux du bois, du c\u00e8dre, du caf\u00e9 et du chocolat. La pr\u00e9sence d\u2019un go\u00fbt de cerise et d\u2019une note terreuse conf\u00e8re un caract\u00e8re complexe au Millennium Blend Robusto. \u00c0 cette signature aromatique du cigare s\u2019ajoutent les saveurs communes \u00e0 toutes les pi\u00e8ces composant la s\u00e9rie Davidoff Millennium Blend. Il s\u2019agit d\u2019un go\u00fbt de poivre blanc, d\u2019une cr\u00e9meuse touche terreuse ainsi que de la douce amertume du cacao.<\/p>","protected":false},"excerpt":{"rendered":"<p>\u4e00\u7bb1 4 \u652f\u96ea\u8304\u3002<\/p>","protected":false},"featured_media":14068,"template":"","meta":{"_acf_changed":false},"product_cat":[23555,14927,14937],"product_tag":[],"bundled_by":[],"bundle_stock_status":"instock","bundle_stock_quantity":null,"bundle_virtual":false,"bundle_layout":"","bundle_add_to_cart_form_location":"","bundle_editable_in_cart":false,"bundle_sold_individually_context":"","bundle_item_grouping":"","bundle_min_size":"","bundle_max_size":"","bundled_items":[],"acf":[],"_links":{"self":[{"href":"https:\/\/beta.alpscigar.com\/zh\/wp-json\/wp\/v2\/product\/14067"}],"collection":[{"href":"https:\/\/beta.alpscigar.com\/zh\/wp-json\/wp\/v2\/product"}],"about":[{"href":"https:\/\/beta.alpscigar.com\/zh\/wp-json\/wp\/v2\/types\/product"}],"wp:featuredmedia":[{"embeddable":true,"href":"https:\/\/beta.alpscigar.com\/zh\/wp-json\/wp\/v2\/media\/14068"}],"wp:attachment":[{"href":"https:\/\/beta.alpscigar.com\/zh\/wp-json\/wp\/v2\/media?parent=14067"}],"wp:term":[{"taxonomy":"product_cat","embeddable":true,"href":"https:\/\/beta.alpscigar.com\/zh\/wp-json\/wp\/v2\/product_cat?post=14067"},{"taxonomy":"product_tag","embeddable":true,"href":"https:\/\/beta.alpscigar.com\/zh\/wp-json\/wp\/v2\/product_tag?post=14067"}],"curies":[{"name":"wp","href":"https:\/\/api.w.org\/{rel}","templated":true}]}}