{"id":14115,"date":"2018-03-29T10:32:39","date_gmt":"2018-03-29T09:32:39","guid":{"rendered":"https:\/\/mkulcarx.preview.infomaniak.website\/produit\/millenium-blend-petit-corona-cello-5-cig\/"},"modified":"2023-12-07T23:12:12","modified_gmt":"2023-12-07T22:12:12","slug":"davidoff-millenium-blend-petit-corona-cello-5-cigares","status":"publish","type":"product","link":"https:\/\/beta.alpscigar.com\/zh\/shop\/dominican-cigars\/davidoff\/davidoff-millenium-blend-petit-corona-cello-5-cigares\/","title":{"rendered":"Davidoff Millennium Blend Petit Corona Etui (5)"},"content":{"rendered":"<p>Le Davidoff Millennium Blend Petit Corona offre tout l\u2019\u00e9quilibre et l\u2019harmonie de son grand fr\u00e8re, le corona, mais dans un plus petit format. Ce cigare offre des saveurs riches et opulentes. Beaucoup appr\u00e9ci\u00e9 pour sa belle allure par les aficionados qui appr\u00e9cient une fum\u00e9e intense et courte. Le Petit Corona capture toute l\u2019\u00e9l\u00e9gance et l\u2019intensit\u00e9 du m\u00e9lange. En raison de sa petite taille, ce cigare a le go\u00fbt le plus cors\u00e9 de la s\u00e9rie et captive avec les notes de poivre blanc du Millennium Blend.<\/p>","protected":false},"excerpt":{"rendered":"<p>\u6bcf\u7bb1 5 \u652f\u96ea\u8304\u3002<\/p>","protected":false},"featured_media":14116,"template":"","meta":{"_acf_changed":false},"product_cat":[23555,14927,14937],"product_tag":[],"bundled_by":[],"bundle_stock_status":"instock","bundle_stock_quantity":null,"bundle_virtual":false,"bundle_layout":"","bundle_add_to_cart_form_location":"","bundle_editable_in_cart":false,"bundle_sold_individually_context":"","bundle_item_grouping":"","bundle_min_size":"","bundle_max_size":"","bundled_items":[],"acf":[],"_links":{"self":[{"href":"https:\/\/beta.alpscigar.com\/zh\/wp-json\/wp\/v2\/product\/14115"}],"collection":[{"href":"https:\/\/beta.alpscigar.com\/zh\/wp-json\/wp\/v2\/product"}],"about":[{"href":"https:\/\/beta.alpscigar.com\/zh\/wp-json\/wp\/v2\/types\/product"}],"wp:featuredmedia":[{"embeddable":true,"href":"https:\/\/beta.alpscigar.com\/zh\/wp-json\/wp\/v2\/media\/14116"}],"wp:attachment":[{"href":"https:\/\/beta.alpscigar.com\/zh\/wp-json\/wp\/v2\/media?parent=14115"}],"wp:term":[{"taxonomy":"product_cat","embeddable":true,"href":"https:\/\/beta.alpscigar.com\/zh\/wp-json\/wp\/v2\/product_cat?post=14115"},{"taxonomy":"product_tag","embeddable":true,"href":"https:\/\/beta.alpscigar.com\/zh\/wp-json\/wp\/v2\/product_tag?post=14115"}],"curies":[{"name":"wp","href":"https:\/\/api.w.org\/{rel}","templated":true}]}}