{"id":14406,"date":"2018-03-29T10:27:29","date_gmt":"2018-03-29T09:27:29","guid":{"rendered":"https:\/\/mkulcarx.preview.infomaniak.website\/produit\/hoyo-de-m-epicure-no-2-slb-50-2\/"},"modified":"2023-10-25T04:29:06","modified_gmt":"2023-10-25T03:29:06","slug":"hoyo-de-monterrey-epicure-no-2-slb-50","status":"publish","type":"product","link":"https:\/\/beta.alpscigar.com\/zh\/shop\/cigares-cubains\/hoyo-de-monterrey\/hoyo-de-monterrey-epicure-no-2-slb-50\/","title":{"rendered":"Hoyo De Monterrey Epicure No. 2 SLB (50)"},"content":{"rendered":"<p>Le Hoyo De Monterrey Epicure No. 2 est un module Robusto. Ce cigare plus qu&rsquo;agr\u00e9able, a gagn\u00e9 sa r\u00e9putation <strong>gr\u00e2ce \u00e0 ses nuances florales subtilement saupoudr\u00e9es de gingembre et d&rsquo;\u00e9pices l\u00e9g\u00e8res.<\/strong> Une vraie d\u00e9licatesse.<\/p>","protected":false},"excerpt":{"rendered":"<p>Bo\u00eete de 50 cigares.<\/p>","protected":false},"featured_media":17878,"template":"","meta":{"_acf_changed":false},"product_cat":[24791,40,14870,20675],"product_tag":[],"bundled_by":[],"bundle_stock_status":"outofstock","bundle_stock_quantity":0,"bundle_virtual":false,"bundle_layout":"","bundle_add_to_cart_form_location":"","bundle_editable_in_cart":false,"bundle_sold_individually_context":"","bundle_item_grouping":"","bundle_min_size":"","bundle_max_size":"","bundled_items":[],"acf":[],"_links":{"self":[{"href":"https:\/\/beta.alpscigar.com\/zh\/wp-json\/wp\/v2\/product\/14406"}],"collection":[{"href":"https:\/\/beta.alpscigar.com\/zh\/wp-json\/wp\/v2\/product"}],"about":[{"href":"https:\/\/beta.alpscigar.com\/zh\/wp-json\/wp\/v2\/types\/product"}],"wp:featuredmedia":[{"embeddable":true,"href":"https:\/\/beta.alpscigar.com\/zh\/wp-json\/wp\/v2\/media\/17878"}],"wp:attachment":[{"href":"https:\/\/beta.alpscigar.com\/zh\/wp-json\/wp\/v2\/media?parent=14406"}],"wp:term":[{"taxonomy":"product_cat","embeddable":true,"href":"https:\/\/beta.alpscigar.com\/zh\/wp-json\/wp\/v2\/product_cat?post=14406"},{"taxonomy":"product_tag","embeddable":true,"href":"https:\/\/beta.alpscigar.com\/zh\/wp-json\/wp\/v2\/product_tag?post=14406"}],"curies":[{"name":"wp","href":"https:\/\/api.w.org\/{rel}","templated":true}]}}