{"id":14426,"date":"2018-10-05T13:40:49","date_gmt":"2018-10-05T12:40:49","guid":{"rendered":"https:\/\/cigarpassion.ch\/?post_type=product&#038;p=8780"},"modified":"2023-12-15T12:05:25","modified_gmt":"2023-12-15T11:05:25","slug":"montecristo-linea-1935-maltes-20","status":"publish","type":"product","link":"https:\/\/beta.alpscigar.com\/zh\/shop\/cigares-cubains\/montecristo\/montecristo-linea-1935-maltes-20\/","title":{"rendered":"Montecristo L\u00cdnea 1935 Malt\u00e9s (20)"},"content":{"rendered":"<p>Les cigares de cette nouvelle gamme ont \u00e9t\u00e9 fabriqu\u00e9s \u00e0 la main avec du tabac exquis de la Vuelta Abajo, la meilleure r\u00e9gion productrice de tabac au monde. <strong>Les cigares Montecristo L\u00cdnea 1935 Malt\u00e9s (20)<\/strong>\u00a0se distinguent par leur belle cape couleur caramel et par leur go\u00fbt plein et fort, plus fort et plus plein que les autres, un peu plus doux, Montecristos. Le piquant fort, la douceur du miel, les notes florales et celles de r\u00f4ti font de ce \u00ab\u00a0Monte\u00a0\u00bb un d\u00e9lice pour les adeptes des cigares enti\u00e8rement aromatiques<\/p>\n<p>C\u2019est seulement apr\u00e8s les contr\u00f4les et les d\u00e9gustations par les experts les plus exp\u00e9riment\u00e9s, dont les membres de l&rsquo;Institut de recherche sur le tabac, la Commission nationale de d\u00e9gustation et, bien s\u00fbr, Habanos S.A elle-m\u00eame, que le Montecristo L\u00ednea 1935 a \u00e9t\u00e9 mis sur le march\u00e9. <strong>Les Montecristo Malt\u00e9s, les Montecristo Dumas et Montecristo Leyenda sont disponibles en bo\u00eetes de 20 cigares.<\/strong><\/p>","protected":false},"excerpt":{"rendered":"<p>Les cigares Montecristo L\u00cdnea 1935 Malt\u00e9s (20) se distinguent par leur belle cape couleur caramel et par leur go\u00fbt plein et fort.<\/p>","protected":false},"featured_media":8782,"template":"","meta":{"_acf_changed":false},"product_cat":[24791,24638,40,14865,1925],"product_tag":[945,1956,1953,1954],"bundled_by":[],"bundle_stock_status":"instock","bundle_stock_quantity":6,"bundle_virtual":false,"bundle_layout":"","bundle_add_to_cart_form_location":"","bundle_editable_in_cart":false,"bundle_sold_individually_context":"","bundle_item_grouping":"","bundle_min_size":"","bundle_max_size":"","bundled_items":[],"acf":[],"_links":{"self":[{"href":"https:\/\/beta.alpscigar.com\/zh\/wp-json\/wp\/v2\/product\/14426"}],"collection":[{"href":"https:\/\/beta.alpscigar.com\/zh\/wp-json\/wp\/v2\/product"}],"about":[{"href":"https:\/\/beta.alpscigar.com\/zh\/wp-json\/wp\/v2\/types\/product"}],"wp:featuredmedia":[{"embeddable":true,"href":"https:\/\/beta.alpscigar.com\/zh\/wp-json\/wp\/v2\/media\/8782"}],"wp:attachment":[{"href":"https:\/\/beta.alpscigar.com\/zh\/wp-json\/wp\/v2\/media?parent=14426"}],"wp:term":[{"taxonomy":"product_cat","embeddable":true,"href":"https:\/\/beta.alpscigar.com\/zh\/wp-json\/wp\/v2\/product_cat?post=14426"},{"taxonomy":"product_tag","embeddable":true,"href":"https:\/\/beta.alpscigar.com\/zh\/wp-json\/wp\/v2\/product_tag?post=14426"}],"curies":[{"name":"wp","href":"https:\/\/api.w.org\/{rel}","templated":true}]}}