{"id":14442,"date":"2018-03-29T10:28:45","date_gmt":"2018-03-29T09:28:45","guid":{"rendered":"https:\/\/mkulcarx.preview.infomaniak.website\/produit\/san-cristobal-torreon-jar-25-2\/"},"modified":"2023-09-26T07:18:11","modified_gmt":"2023-09-26T06:18:11","slug":"san-cristobal-torreon-jar-25","status":"publish","type":"product","link":"https:\/\/beta.alpscigar.com\/zh\/shop\/cigares-cubains\/san-cristobal\/san-cristobal-torreon-jar-25\/","title":{"rendered":"San Cristobal Torre\u00f3n Jar (25)"},"content":{"rendered":"<p>Ce fut <strong>le premier produit de la nouvelle s\u00e9rie Habanos Specialist.<\/strong>\u00a0Produit en 2012, mais sorti seulement fin 2013, ce jar de San Cristobal de la Habana a \u00e9t\u00e9 <strong>produit \u00e0 2000 exemplaires num\u00e9rot\u00e9s. <\/strong>Une forme sp\u00e9ciale a \u00e9t\u00e9 d\u00e9velopp\u00e9e pour ce produit, la Torre\u00f3n (21.43 x 150 mm). Chaque jar contient 25 cigares et est livr\u00e9 avec son propre cendrier.<\/p>","protected":false},"excerpt":{"rendered":"<p>Jar de 25 cigares.<\/p>","protected":false},"featured_media":53312,"template":"","meta":{"_acf_changed":false},"product_cat":[24791,40,16727,1925],"product_tag":[],"bundled_by":[],"bundle_stock_status":"outofstock","bundle_stock_quantity":0,"bundle_virtual":false,"bundle_layout":"","bundle_add_to_cart_form_location":"","bundle_editable_in_cart":false,"bundle_sold_individually_context":"","bundle_item_grouping":"","bundle_min_size":"","bundle_max_size":"","bundled_items":[],"acf":[],"_links":{"self":[{"href":"https:\/\/beta.alpscigar.com\/zh\/wp-json\/wp\/v2\/product\/14442"}],"collection":[{"href":"https:\/\/beta.alpscigar.com\/zh\/wp-json\/wp\/v2\/product"}],"about":[{"href":"https:\/\/beta.alpscigar.com\/zh\/wp-json\/wp\/v2\/types\/product"}],"wp:featuredmedia":[{"embeddable":true,"href":"https:\/\/beta.alpscigar.com\/zh\/wp-json\/wp\/v2\/media\/53312"}],"wp:attachment":[{"href":"https:\/\/beta.alpscigar.com\/zh\/wp-json\/wp\/v2\/media?parent=14442"}],"wp:term":[{"taxonomy":"product_cat","embeddable":true,"href":"https:\/\/beta.alpscigar.com\/zh\/wp-json\/wp\/v2\/product_cat?post=14442"},{"taxonomy":"product_tag","embeddable":true,"href":"https:\/\/beta.alpscigar.com\/zh\/wp-json\/wp\/v2\/product_tag?post=14442"}],"curies":[{"name":"wp","href":"https:\/\/api.w.org\/{rel}","templated":true}]}}