{"id":14464,"date":"2018-03-29T10:27:21","date_gmt":"2018-03-29T09:27:21","guid":{"rendered":"https:\/\/mkulcarx.preview.infomaniak.website\/produit\/cohiba-siglo-4-slb-25-2\/"},"modified":"2023-12-11T18:29:23","modified_gmt":"2023-12-11T17:29:23","slug":"cohiba-siglo-4-slb-25","status":"publish","type":"product","link":"https:\/\/beta.alpscigar.com\/zh\/shop\/cigares-cubains\/cohiba\/cohiba-siglo-4-slb-25\/","title":{"rendered":"Cohiba Siglo 4 SLB (25)"},"content":{"rendered":"<p><strong>Le Cohiba Siglo 4 SLB est un Corona Gorda<\/strong> de belle pr\u00e9sentation, une cape chocolat ultra lisse, le cigare est bien roul\u00e9. Un allumage impeccable, une fum\u00e9e ample v\u00e9hiculant des ar\u00f4mes bois\u00e9s et herbac\u00e9s. Le deuxi\u00e8me tiers se pr\u00e9sente bien et le fumage est bien cadenc\u00e9. Une belle r\u00e9alisation.<\/p>","protected":false},"excerpt":{"rendered":"<p>\u6bcf\u76d2 25 \u652f\u3002<\/p>","protected":false},"featured_media":17216,"template":"","meta":{"_acf_changed":false},"product_cat":[24791,24638,40,830,1925],"product_tag":[],"bundled_by":[],"bundle_stock_status":"instock","bundle_stock_quantity":16,"bundle_virtual":false,"bundle_layout":"","bundle_add_to_cart_form_location":"","bundle_editable_in_cart":false,"bundle_sold_individually_context":"","bundle_item_grouping":"","bundle_min_size":"","bundle_max_size":"","bundled_items":[],"acf":[],"_links":{"self":[{"href":"https:\/\/beta.alpscigar.com\/zh\/wp-json\/wp\/v2\/product\/14464"}],"collection":[{"href":"https:\/\/beta.alpscigar.com\/zh\/wp-json\/wp\/v2\/product"}],"about":[{"href":"https:\/\/beta.alpscigar.com\/zh\/wp-json\/wp\/v2\/types\/product"}],"wp:featuredmedia":[{"embeddable":true,"href":"https:\/\/beta.alpscigar.com\/zh\/wp-json\/wp\/v2\/media\/17216"}],"wp:attachment":[{"href":"https:\/\/beta.alpscigar.com\/zh\/wp-json\/wp\/v2\/media?parent=14464"}],"wp:term":[{"taxonomy":"product_cat","embeddable":true,"href":"https:\/\/beta.alpscigar.com\/zh\/wp-json\/wp\/v2\/product_cat?post=14464"},{"taxonomy":"product_tag","embeddable":true,"href":"https:\/\/beta.alpscigar.com\/zh\/wp-json\/wp\/v2\/product_tag?post=14464"}],"curies":[{"name":"wp","href":"https:\/\/api.w.org\/{rel}","templated":true}]}}