{"id":14472,"date":"2018-03-29T10:27:21","date_gmt":"2018-03-29T09:27:21","guid":{"rendered":"https:\/\/mkulcarx.preview.infomaniak.website\/produit\/cohiba-piramides-extra-10-2\/"},"modified":"2023-11-14T16:12:08","modified_gmt":"2023-11-14T15:12:08","slug":"cohiba-piramides-extra-10","status":"publish","type":"product","link":"https:\/\/beta.alpscigar.com\/zh\/shop\/cigares-cubains\/cohiba\/cohiba-piramides-extra-10\/","title":{"rendered":"Cohiba Pir\u00e1mides Extra (10)"},"content":{"rendered":"<p>Un Habanos extraordinaire comme premier Figurado dans l&rsquo;assortiment standard de Cohiba.<\/p>\n<p>Le Cohiba Pir\u00e1mides Extra est un compl\u00e9ment de la ligne Cl\u00e1sica de Cohiba. Sa vitole extraordinaire et exclusive devrait attribuer \u00e0 cette marque de Habanos-Premium, une nouvelle pr\u00e9f\u00e9rence. D\u2019autre part, cette vitole b\u00e9n\u00e9ficie d\u2019une nouvelle bague Cohiba, une premi\u00e8re pour la L\u00ednea Cl\u00e1sica.<\/p>\n<p>La marque a \u00e9t\u00e9 cr\u00e9\u00e9 en 1966 et durant longtemps, ces cigares \u00e9taient exclusivement offerts aux diff\u00e9rents Chefs d\u2019Etat nationaux et internationaux et \u00e9videmment aussi au Leader Fidel Castro. La production de ces cigares s\u2019effectue dans la manufacture cubaine r\u00e9put\u00e9e, El Laguito. C\u2019est seulement en 1982 que les cigares de la marque Cohiba ont fait leur apparition en quantit\u00e9s limit\u00e9 sur le march\u00e9 international pour les connaisseurs les plus exigeants.<\/p>\n<p>Le nom de Cohiba provient de la langue indienne Taino. Le terme d\u00e9signe un enveloppement de feuilles de tabac, que les autochtones de Cuba fumaient et que Christophe Colomb d\u00e9couvrit en 1492, lorsqu\u2019il \u00e9choua sur l\u2019\u00eele.<\/p>\n<p>Les feuilles de tabac utilis\u00e9es pour la fabrication du Cohiba sont issues des meilleures plantations, c\u2019est \u00e0 dire, des cinq plantations de premi\u00e8re qualit\u00e9, qualification d\u00e9cern\u00e9e par l\u2019Institut du tabac aux meilleures plantations situ\u00e9es dans les r\u00e9gions de tabac tr\u00e8s pr\u00e9cises, en l\u2019occurence, San Juan y Martinez et San Luis r\u00e9gion Vuelta Abajo* (D.O.P.).<\/p>\n<p>Cohiba existe en 4 lignes diff\u00e9rentes. La ligne Cl\u00e1sica est compos\u00e9e de 6 vitoles d\u00e9velopp\u00e9es entre 1966 et 1989.La ligne 1492 a \u00e9t\u00e9 lanc\u00e9 en 1992 pour le 500\u00e8me anniversaire de la d\u00e9couverte de l\u2019Am\u00e9rique. En 2002, 10 ans plus tard, une nouvelle r\u00e9f\u00e9rence dans le monde du tabac appel\u00e9e Siglo VI a \u00e9t\u00e9 introduite. Puis, en 2007 la ligne Maduro 5 a suivi avec \u00a0trois nouvelles vitoles, dont la cape Genios est le r\u00e9sultat d\u2019un proc\u00e9d\u00e9 de fermentation de plus de cinq ann\u00e9es. Puis, en 2010 fut lanc\u00e9 le Cohiba Behike, la ligne la plus exclusive de Cohiba. Pour la premi\u00e8re fois et unique en son genre, une quatri\u00e8me feuille de tripe est utilis\u00e9e pour le m\u00e9lange des trois vitoles. Elle est appel\u00e9e Medio Tiempo et d\u00e9signe les deux feuilles les plus rares situ\u00e9es \u00e0 la pointe du plant de tabac, donc les plus expos\u00e9 au soleil.<\/p>\n<p>Cohiba est \u00e9galement leader en ce qui concerne les tendances dans l\u2019industrie cubaine du cigare. En 2002, la manufacture Cohiba introduisit un Reserva et en 2009 un Grand Reserva issus de la s\u00e9lection rigoureuse de tabac ayant ferment\u00e9 durant trois \u00e0 cinq ans.<\/p>\n<p>Bien que par le pass\u00e9, diff\u00e9rents Figurados, \u00a0ont \u00e9t\u00e9 fabriqu\u00e9 \u00e0 des occasions sp\u00e9ciales dans des \u00e9ditions limit\u00e9es, entres autres le Reserva del Milenio et les \u00e9ditions limit\u00e9es 2001 et 2006, le Pir\u00e1mides Extra est le premier Figurado dans l\u2019assortiment standard de Cohiba comme faisant partie de la L\u00ednea Cl\u00e1sica.<\/p>\n<p>La vitole de manufacture du nom de Pir\u00e1mides Extra (bague 54 x 160 mm longueur) est exclusivement fabriqu\u00e9e pour Cohiba.<\/p>\n<p>L\u2019une des qualit\u00e9s essentielles de ce nouveau cigare Cohiba \u00a0se trouve dans sa pr\u00e9sentation. Gr\u00e2ce \u00e0 sa nouvelle bague repens\u00e9e avec son hologramme, il est facilement reconnaissable par les Aficionados.<\/p>","protected":false},"excerpt":{"rendered":"<p>\u6bcf\u76d2 10 \u652f\u96ea\u8304\u3002<\/p>","protected":false},"featured_media":17596,"template":"","meta":{"_acf_changed":false},"product_cat":[24791,24638,40,830,1925],"product_tag":[],"bundled_by":[],"bundle_stock_status":"instock","bundle_stock_quantity":5,"bundle_virtual":false,"bundle_layout":"","bundle_add_to_cart_form_location":"","bundle_editable_in_cart":false,"bundle_sold_individually_context":"","bundle_item_grouping":"","bundle_min_size":"","bundle_max_size":"","bundled_items":[],"acf":[],"_links":{"self":[{"href":"https:\/\/beta.alpscigar.com\/zh\/wp-json\/wp\/v2\/product\/14472"}],"collection":[{"href":"https:\/\/beta.alpscigar.com\/zh\/wp-json\/wp\/v2\/product"}],"about":[{"href":"https:\/\/beta.alpscigar.com\/zh\/wp-json\/wp\/v2\/types\/product"}],"wp:featuredmedia":[{"embeddable":true,"href":"https:\/\/beta.alpscigar.com\/zh\/wp-json\/wp\/v2\/media\/17596"}],"wp:attachment":[{"href":"https:\/\/beta.alpscigar.com\/zh\/wp-json\/wp\/v2\/media?parent=14472"}],"wp:term":[{"taxonomy":"product_cat","embeddable":true,"href":"https:\/\/beta.alpscigar.com\/zh\/wp-json\/wp\/v2\/product_cat?post=14472"},{"taxonomy":"product_tag","embeddable":true,"href":"https:\/\/beta.alpscigar.com\/zh\/wp-json\/wp\/v2\/product_tag?post=14472"}],"curies":[{"name":"wp","href":"https:\/\/api.w.org\/{rel}","templated":true}]}}