{"id":14476,"date":"2018-03-29T10:27:13","date_gmt":"2018-03-29T09:27:13","guid":{"rendered":"https:\/\/mkulcarx.preview.infomaniak.website\/produit\/cohiba-esplendidos-bn-25-2\/"},"modified":"2025-05-29T14:11:09","modified_gmt":"2025-05-29T13:11:09","slug":"cohiba-esplendidos-bn-25-2","status":"publish","type":"product","link":"https:\/\/beta.alpscigar.com\/zh\/shop\/cigares-cubains\/cohiba\/cohiba-esplendidos-bn-25-2\/","title":{"rendered":"Cohiba Esplendidos BN (25)"},"content":{"rendered":"<p>Une tr\u00e8s belle vitole, pr\u00e9sent\u00e9e dans une cape soyeuse et grasse de couleur maduro. D\u00e8s les premi\u00e8res bouff\u00e9es, l&rsquo;on retrouve des tonalit\u00e9s bois\u00e9es accompagn\u00e9es de touches d&rsquo;\u00e9pices. Au fil des bouff\u00e9es, le cigare \u00e9volue petit \u00e0 petit vers des ar\u00f4mes de cacao. La fum\u00e9e est ample et le tirage est confortable. Le Cohiba Esplendidos est un grand havane riche et complexe souple et onctueux.<\/p>","protected":false},"excerpt":{"rendered":"<p><span>\u6bcf\u76d2 25 \u652f\u3002<\/span><\/p>","protected":false},"featured_media":17181,"template":"","meta":{"_acf_changed":false},"product_cat":[24791,40,830,1925],"product_tag":[],"bundled_by":[],"bundle_stock_status":"outofstock","bundle_stock_quantity":0,"bundle_virtual":false,"bundle_layout":"","bundle_add_to_cart_form_location":"","bundle_editable_in_cart":false,"bundle_sold_individually_context":"","bundle_item_grouping":"","bundle_min_size":"","bundle_max_size":"","bundled_items":[],"acf":[],"_links":{"self":[{"href":"https:\/\/beta.alpscigar.com\/zh\/wp-json\/wp\/v2\/product\/14476"}],"collection":[{"href":"https:\/\/beta.alpscigar.com\/zh\/wp-json\/wp\/v2\/product"}],"about":[{"href":"https:\/\/beta.alpscigar.com\/zh\/wp-json\/wp\/v2\/types\/product"}],"wp:featuredmedia":[{"embeddable":true,"href":"https:\/\/beta.alpscigar.com\/zh\/wp-json\/wp\/v2\/media\/17181"}],"wp:attachment":[{"href":"https:\/\/beta.alpscigar.com\/zh\/wp-json\/wp\/v2\/media?parent=14476"}],"wp:term":[{"taxonomy":"product_cat","embeddable":true,"href":"https:\/\/beta.alpscigar.com\/zh\/wp-json\/wp\/v2\/product_cat?post=14476"},{"taxonomy":"product_tag","embeddable":true,"href":"https:\/\/beta.alpscigar.com\/zh\/wp-json\/wp\/v2\/product_tag?post=14476"}],"curies":[{"name":"wp","href":"https:\/\/api.w.org\/{rel}","templated":true}]}}