{"id":14548,"date":"2019-03-02T15:19:11","date_gmt":"2019-03-02T14:19:11","guid":{"rendered":"https:\/\/cigarpassion.ch\/?post_type=product&#038;p=12581"},"modified":"2023-10-24T09:52:42","modified_gmt":"2023-10-24T08:52:42","slug":"classique-new-bubinga-110-cigares","status":"publish","type":"product","link":"https:\/\/beta.alpscigar.com\/zh\/shop\/humidors\/classique-new-bubinga-110-cigares\/","title":{"rendered":"Elie Bleu Classique &#8211; New Bubinga &#8211; 110 Cigares"},"content":{"rendered":"<p>Humidor Classique &#8211; New Bubinga &#8211; 110 Cigares<\/p>\n<p><strong>Intemporalit\u00e9<\/strong><br \/>\nElie Bleu s\u00e9lectionne les meilleurs bois \u00e0 travers le monde dans les endroits les plus recul\u00e9s. Ramen\u00e9s en Europe, ils sont d\u00e9licatement model\u00e9s et trait\u00e9s pour \u00eatre pos\u00e9s sur les caves \u00e0 cigares.<\/p>\n<ul>\n<li>Coffret pour 110 cigares en bois classique.<\/li>\n<li>2 Humidificateurs.<\/li>\n<li>1 Hygrom\u00e8tre \u00e0 aiguille.<\/li>\n<\/ul>\n<p>40.0 x 27.0 x 11.2 cm<\/p>","protected":false},"excerpt":{"rendered":"<p>Humidor Classique \u2013 New Bubinga \u2013 110 Cigares.<\/p>","protected":false},"featured_media":12582,"template":"","meta":{"_acf_changed":false},"product_cat":[16841],"product_tag":[10361],"bundled_by":[],"bundle_stock_status":"outofstock","bundle_stock_quantity":0,"bundle_virtual":false,"bundle_layout":"","bundle_add_to_cart_form_location":"","bundle_editable_in_cart":false,"bundle_sold_individually_context":"","bundle_item_grouping":"","bundle_min_size":"","bundle_max_size":"","bundled_items":[],"acf":[],"_links":{"self":[{"href":"https:\/\/beta.alpscigar.com\/zh\/wp-json\/wp\/v2\/product\/14548"}],"collection":[{"href":"https:\/\/beta.alpscigar.com\/zh\/wp-json\/wp\/v2\/product"}],"about":[{"href":"https:\/\/beta.alpscigar.com\/zh\/wp-json\/wp\/v2\/types\/product"}],"wp:featuredmedia":[{"embeddable":true,"href":"https:\/\/beta.alpscigar.com\/zh\/wp-json\/wp\/v2\/media\/12582"}],"wp:attachment":[{"href":"https:\/\/beta.alpscigar.com\/zh\/wp-json\/wp\/v2\/media?parent=14548"}],"wp:term":[{"taxonomy":"product_cat","embeddable":true,"href":"https:\/\/beta.alpscigar.com\/zh\/wp-json\/wp\/v2\/product_cat?post=14548"},{"taxonomy":"product_tag","embeddable":true,"href":"https:\/\/beta.alpscigar.com\/zh\/wp-json\/wp\/v2\/product_tag?post=14548"}],"curies":[{"name":"wp","href":"https:\/\/api.w.org\/{rel}","templated":true}]}}