{"id":14566,"date":"2019-03-01T19:54:13","date_gmt":"2019-03-01T18:54:13","guid":{"rendered":"https:\/\/cigarpassion.ch\/?post_type=product&#038;p=12544"},"modified":"2023-10-24T09:52:12","modified_gmt":"2023-10-24T08:52:12","slug":"medaille-bleu-200-cigares","status":"publish","type":"product","link":"https:\/\/beta.alpscigar.com\/zh\/shop\/humidors\/medaille-bleu-200-cigares\/","title":{"rendered":"Elie Bleu M\u00e9daille &#8211; Bleu &#8211; 200 cigares"},"content":{"rendered":"<p>Humidor Elie Bleu &#8211; M\u00e9daille &#8211; Bleu &#8211; 200 cigares.<\/p>\n<p><strong>Au c\u0153ur du cigare<\/strong><br \/>\nCette adaptation d\u2019une tr\u00e8s ancienne et fameuse \u00e9tiquette de bo\u00eetes \u00e0 cigares est un des plus c\u00e9l\u00e8bres mod\u00e8les dans l\u2019histoire d\u2019ELIE BLEU.<\/p>\n<ul>\n<li>Sycomore ond\u00e9 teint\u00e9<\/li>\n<li>200 Cigares<\/li>\n<li>2 Humidificateurs<\/li>\n<li>1 Hygrom\u00e8tre \u00e0 aiguille<\/li>\n<li>Largeur: 40.00 cm | 15.75 inch<\/li>\n<li>Profondeur: 30.00 cm | 9.45 inch<\/li>\n<li>Hauteur: 14.20 cm | 5.59 inch<\/li>\n<\/ul>","protected":false},"excerpt":{"rendered":"<p>Humidor Bleu &#8211; 200 Cigares.<\/p>","protected":false},"featured_media":12545,"template":"","meta":{"_acf_changed":false},"product_cat":[16841],"product_tag":[10325],"bundled_by":[],"bundle_stock_status":"outofstock","bundle_stock_quantity":0,"bundle_virtual":false,"bundle_layout":"","bundle_add_to_cart_form_location":"","bundle_editable_in_cart":false,"bundle_sold_individually_context":"","bundle_item_grouping":"","bundle_min_size":"","bundle_max_size":"","bundled_items":[],"acf":[],"_links":{"self":[{"href":"https:\/\/beta.alpscigar.com\/zh\/wp-json\/wp\/v2\/product\/14566"}],"collection":[{"href":"https:\/\/beta.alpscigar.com\/zh\/wp-json\/wp\/v2\/product"}],"about":[{"href":"https:\/\/beta.alpscigar.com\/zh\/wp-json\/wp\/v2\/types\/product"}],"wp:featuredmedia":[{"embeddable":true,"href":"https:\/\/beta.alpscigar.com\/zh\/wp-json\/wp\/v2\/media\/12545"}],"wp:attachment":[{"href":"https:\/\/beta.alpscigar.com\/zh\/wp-json\/wp\/v2\/media?parent=14566"}],"wp:term":[{"taxonomy":"product_cat","embeddable":true,"href":"https:\/\/beta.alpscigar.com\/zh\/wp-json\/wp\/v2\/product_cat?post=14566"},{"taxonomy":"product_tag","embeddable":true,"href":"https:\/\/beta.alpscigar.com\/zh\/wp-json\/wp\/v2\/product_tag?post=14566"}],"curies":[{"name":"wp","href":"https:\/\/api.w.org\/{rel}","templated":true}]}}