{"id":14590,"date":"2019-03-01T11:51:12","date_gmt":"2019-03-01T10:51:12","guid":{"rendered":"https:\/\/cigarpassion.ch\/?post_type=product&#038;p=12505"},"modified":"2023-10-24T09:58:43","modified_gmt":"2023-10-24T08:58:43","slug":"medaille-rouge-75-cigares","status":"publish","type":"product","link":"https:\/\/beta.alpscigar.com\/zh\/shop\/humidors\/medaille-rouge-75-cigares\/","title":{"rendered":"Elie Bleu M\u00e9daille &#8211; Rouge &#8211; 75 cigares"},"content":{"rendered":"<p>Humidor Elie Bleu &#8211; M\u00e9daille &#8211; Rouge &#8211; 75 cigares.<\/p>\n<p><strong>Au c\u0153ur du cigare<\/strong><br \/>\nCette adaptation d\u2019une tr\u00e8s ancienne et fameuse \u00e9tiquette de bo\u00eetes \u00e0 cigares est un des plus c\u00e9l\u00e8bres mod\u00e8les dans l\u2019histoire d\u2019ELIE BLEU.<\/p>\n<ul>\n<li>Coffret pour 75 cigares en sycomore ond\u00e9 teint\u00e9.<\/li>\n<li>1 Humidificateur.<\/li>\n<li>1 Hygrom\u00e8tre \u00e0 aiguille.<\/li>\n<\/ul>\n<p>30.0 x 24.5 x 11.5 cm<\/p>","protected":false},"excerpt":{"rendered":"<p>Humidor Rouge &#8211; 75 Cigares.<\/p>","protected":false},"featured_media":12511,"template":"","meta":{"_acf_changed":false},"product_cat":[16841],"product_tag":[10304],"bundled_by":[],"bundle_stock_status":"outofstock","bundle_stock_quantity":null,"bundle_virtual":false,"bundle_layout":"","bundle_add_to_cart_form_location":"","bundle_editable_in_cart":false,"bundle_sold_individually_context":"","bundle_item_grouping":"","bundle_min_size":"","bundle_max_size":"","bundled_items":[],"acf":[],"_links":{"self":[{"href":"https:\/\/beta.alpscigar.com\/zh\/wp-json\/wp\/v2\/product\/14590"}],"collection":[{"href":"https:\/\/beta.alpscigar.com\/zh\/wp-json\/wp\/v2\/product"}],"about":[{"href":"https:\/\/beta.alpscigar.com\/zh\/wp-json\/wp\/v2\/types\/product"}],"wp:featuredmedia":[{"embeddable":true,"href":"https:\/\/beta.alpscigar.com\/zh\/wp-json\/wp\/v2\/media\/12511"}],"wp:attachment":[{"href":"https:\/\/beta.alpscigar.com\/zh\/wp-json\/wp\/v2\/media?parent=14590"}],"wp:term":[{"taxonomy":"product_cat","embeddable":true,"href":"https:\/\/beta.alpscigar.com\/zh\/wp-json\/wp\/v2\/product_cat?post=14590"},{"taxonomy":"product_tag","embeddable":true,"href":"https:\/\/beta.alpscigar.com\/zh\/wp-json\/wp\/v2\/product_tag?post=14590"}],"curies":[{"name":"wp","href":"https:\/\/api.w.org\/{rel}","templated":true}]}}