{"id":14628,"date":"2019-02-28T17:38:14","date_gmt":"2019-02-28T16:38:14","guid":{"rendered":"https:\/\/cigarpassion.ch\/?post_type=product&#038;p=12465"},"modified":"2023-10-24T09:57:30","modified_gmt":"2023-10-24T08:57:30","slug":"flor-de-alba-sycomore-rouge-110-cigares","status":"publish","type":"product","link":"https:\/\/beta.alpscigar.com\/zh\/shop\/humidors\/flor-de-alba-sycomore-rouge-110-cigares\/","title":{"rendered":"Elie Bleu Flor De Alba &#8211; Sycomore Rouge &#8211; 110 cigares"},"content":{"rendered":"<p>Humidor Elie Bleu &#8211; Flor De Alba &#8211; Sycomore Rouge &#8211; 110 Cigares.<\/p>\n<p><strong>Cuba vintage<\/strong><br \/>\nUn hommage aux \u00e9tiquettes traditionnelles des bo\u00eetes de cigares cubains. Un d\u00e9cor haut en couleur cr\u00e9\u00e9 en sycomore teint\u00e9 ou bois naturels.<\/p>\n<ul>\n<li>Coffret pour 75 cigares en sycomore ond\u00e9 teint\u00e9 rouge.<\/li>\n<li>1 Humidificateur.<\/li>\n<li>1 Hygrom\u00e8tre \u00e0 aiguille.<\/li>\n<\/ul>\n<p>30 x 24.5 x 11.5 cm<\/p>","protected":false},"excerpt":{"rendered":"<p>Humidor Sycomore Rouge &#8211; 110 Cigares.<\/p>","protected":false},"featured_media":12466,"template":"","meta":{"_acf_changed":false},"product_cat":[16841],"product_tag":[18407],"bundled_by":[],"bundle_stock_status":"outofstock","bundle_stock_quantity":null,"bundle_virtual":false,"bundle_layout":"","bundle_add_to_cart_form_location":"","bundle_editable_in_cart":false,"bundle_sold_individually_context":"","bundle_item_grouping":"","bundle_min_size":"","bundle_max_size":"","bundled_items":[],"acf":[],"_links":{"self":[{"href":"https:\/\/beta.alpscigar.com\/zh\/wp-json\/wp\/v2\/product\/14628"}],"collection":[{"href":"https:\/\/beta.alpscigar.com\/zh\/wp-json\/wp\/v2\/product"}],"about":[{"href":"https:\/\/beta.alpscigar.com\/zh\/wp-json\/wp\/v2\/types\/product"}],"wp:featuredmedia":[{"embeddable":true,"href":"https:\/\/beta.alpscigar.com\/zh\/wp-json\/wp\/v2\/media\/12466"}],"wp:attachment":[{"href":"https:\/\/beta.alpscigar.com\/zh\/wp-json\/wp\/v2\/media?parent=14628"}],"wp:term":[{"taxonomy":"product_cat","embeddable":true,"href":"https:\/\/beta.alpscigar.com\/zh\/wp-json\/wp\/v2\/product_cat?post=14628"},{"taxonomy":"product_tag","embeddable":true,"href":"https:\/\/beta.alpscigar.com\/zh\/wp-json\/wp\/v2\/product_tag?post=14628"}],"curies":[{"name":"wp","href":"https:\/\/api.w.org\/{rel}","templated":true}]}}