{"id":14648,"date":"2019-02-28T16:03:17","date_gmt":"2019-02-28T15:03:17","guid":{"rendered":"https:\/\/cigarpassion.ch\/?post_type=product&#038;p=12453"},"modified":"2023-10-24T09:57:02","modified_gmt":"2023-10-24T08:57:02","slug":"nouvelle-medaille-ebene-de-macassar-250-cigares","status":"publish","type":"product","link":"https:\/\/beta.alpscigar.com\/zh\/shop\/humidors\/nouvelle-medaille-ebene-de-macassar-250-cigares\/","title":{"rendered":"Elie Bleu Nouvelle M\u00e9daille &#8211; \u00c9b\u00e8ne de Macassar &#8211; 250 cigares"},"content":{"rendered":"<p>Humidor Elie Bleu &#8211; Nouvelle M\u00e9daille &#8211; \u00c9b\u00e8ne de Macassar &#8211; 250 Cigares.<\/p>\n<p>Avec la ligne Nouvelle m\u00e9daille, Elie Bleu a souhait\u00e9 revisiter et moderniser la c\u00e9l\u00e8bre collection \u00ab\u00a0M\u00e9daille\u00a0\u00bb.<\/p>\n<ul>\n<li>250 Cigares (capacit\u00e9)<\/li>\n<li>1 Plateau de rangement<\/li>\n<li>3 Humidificateurs<\/li>\n<li>1 Hygrom\u00e8tre \u00e0 aiguille<\/li>\n<li>Largeur: 58.70 cm | 23.11 inch<\/li>\n<li>Profondeur: 32.80 cm | 12.91 inch<\/li>\n<li>Hauteur: 15.00 cm | 5.91 inch<\/li>\n<\/ul>","protected":false},"excerpt":{"rendered":"<p>Humidor \u00c9b\u00e8ne de Macassar &#8211; 250 Cigares.<\/p>","protected":false},"featured_media":12454,"template":"","meta":{"_acf_changed":false},"product_cat":[16841],"product_tag":[18482],"bundled_by":[],"bundle_stock_status":"outofstock","bundle_stock_quantity":null,"bundle_virtual":false,"bundle_layout":"","bundle_add_to_cart_form_location":"","bundle_editable_in_cart":false,"bundle_sold_individually_context":"","bundle_item_grouping":"","bundle_min_size":"","bundle_max_size":"","bundled_items":[],"acf":[],"_links":{"self":[{"href":"https:\/\/beta.alpscigar.com\/zh\/wp-json\/wp\/v2\/product\/14648"}],"collection":[{"href":"https:\/\/beta.alpscigar.com\/zh\/wp-json\/wp\/v2\/product"}],"about":[{"href":"https:\/\/beta.alpscigar.com\/zh\/wp-json\/wp\/v2\/types\/product"}],"wp:featuredmedia":[{"embeddable":true,"href":"https:\/\/beta.alpscigar.com\/zh\/wp-json\/wp\/v2\/media\/12454"}],"wp:attachment":[{"href":"https:\/\/beta.alpscigar.com\/zh\/wp-json\/wp\/v2\/media?parent=14648"}],"wp:term":[{"taxonomy":"product_cat","embeddable":true,"href":"https:\/\/beta.alpscigar.com\/zh\/wp-json\/wp\/v2\/product_cat?post=14648"},{"taxonomy":"product_tag","embeddable":true,"href":"https:\/\/beta.alpscigar.com\/zh\/wp-json\/wp\/v2\/product_tag?post=14648"}],"curies":[{"name":"wp","href":"https:\/\/api.w.org\/{rel}","templated":true}]}}