{"id":14778,"date":"2019-02-27T17:42:58","date_gmt":"2019-02-27T16:42:58","guid":{"rendered":"https:\/\/cigarpassion.ch\/?post_type=product&#038;p=12374"},"modified":"2023-10-24T09:54:17","modified_gmt":"2023-10-24T08:54:17","slug":"dragon-rouge-110-cigares","status":"publish","type":"product","link":"https:\/\/beta.alpscigar.com\/zh\/shop\/humidors\/dragon-rouge-110-cigares\/","title":{"rendered":"Elie Bleu Dragon Rouge &#8211; 110 Cigares"},"content":{"rendered":"<p>Humidor Elie Bleu Dragon Rouge &#8211; 110 cigares.<\/p>\n<p>La ligne de coffret Zodiaque a \u00e9t\u00e9 con\u00e7ue en 2012 pour c\u00e9l\u00e9brer l&rsquo;ann\u00e9e du Dragon. Dans la culture astrologique chinoise, le dragon repr\u00e9sente la pers\u00e9v\u00e9rance, le succ\u00e8s et m\u00eame l&rsquo;immortalit\u00e9.<\/p>\n<p><strong>Edition limit\u00e9e et num\u00e9rot\u00e9e.<\/strong><\/p>\n<ul>\n<li>Sycomore ond\u00e9 teint\u00e9<\/li>\n<li>Signe en Marqueterie<\/li>\n<li>110 Cigares<\/li>\n<li>2 Humidificateurs<\/li>\n<li>1 Hygrom\u00e8tre \u00e0 aiguille<\/li>\n<li>Le dragon en sycomore naturel est limit\u00e9 \u00e0 99 pi\u00e8ces<\/li>\n<li>Largeur: 48.5 cm | 19.1 inch<\/li>\n<li>Profondeur: 27,0 cm | 10.6 inch<\/li>\n<li>Hauteur: 10,5 cm | 4.1 inch<\/li>\n<\/ul>\n<p>&nbsp;<\/p>","protected":false},"excerpt":{"rendered":"<p>Dragon Rouge &#8211; 110 Cigares.<\/p>","protected":false},"featured_media":14781,"template":"","meta":{"_acf_changed":false},"product_cat":[16841],"product_tag":[],"bundled_by":[],"bundle_stock_status":"outofstock","bundle_stock_quantity":null,"bundle_virtual":false,"bundle_layout":"","bundle_add_to_cart_form_location":"","bundle_editable_in_cart":false,"bundle_sold_individually_context":"","bundle_item_grouping":"","bundle_min_size":"","bundle_max_size":"","bundled_items":[],"acf":[],"_links":{"self":[{"href":"https:\/\/beta.alpscigar.com\/zh\/wp-json\/wp\/v2\/product\/14778"}],"collection":[{"href":"https:\/\/beta.alpscigar.com\/zh\/wp-json\/wp\/v2\/product"}],"about":[{"href":"https:\/\/beta.alpscigar.com\/zh\/wp-json\/wp\/v2\/types\/product"}],"wp:featuredmedia":[{"embeddable":true,"href":"https:\/\/beta.alpscigar.com\/zh\/wp-json\/wp\/v2\/media\/14781"}],"wp:attachment":[{"href":"https:\/\/beta.alpscigar.com\/zh\/wp-json\/wp\/v2\/media?parent=14778"}],"wp:term":[{"taxonomy":"product_cat","embeddable":true,"href":"https:\/\/beta.alpscigar.com\/zh\/wp-json\/wp\/v2\/product_cat?post=14778"},{"taxonomy":"product_tag","embeddable":true,"href":"https:\/\/beta.alpscigar.com\/zh\/wp-json\/wp\/v2\/product_tag?post=14778"}],"curies":[{"name":"wp","href":"https:\/\/api.w.org\/{rel}","templated":true}]}}