{"id":14790,"date":"2019-02-27T16:24:13","date_gmt":"2019-02-27T15:24:13","guid":{"rendered":"https:\/\/cigarpassion.ch\/?post_type=product&#038;p=12367"},"modified":"2023-10-24T09:54:02","modified_gmt":"2023-10-24T08:54:02","slug":"fruit-bleu-75-cigares","status":"publish","type":"product","link":"https:\/\/beta.alpscigar.com\/zh\/shop\/humidors\/fruit-bleu-75-cigares\/","title":{"rendered":"Elie Bleu FRUIT BLEU &#8211; 75 Cigares"},"content":{"rendered":"<p>Humidor FRUIT BLEU.<\/p>\n<p><strong>Intemporalit\u00e9<\/strong><br \/>\nElie Bleu s\u00e9lectionne les meilleurs bois \u00e0 travers le monde dans les endroits les plus recul\u00e9s. Ramen\u00e9s en Europe, ils sont d\u00e9licatement model\u00e9s et trait\u00e9s pour \u00eatre pos\u00e9s sur les caves \u00e0 cigares.<\/p>\n<p>Coffret pour 75 cigares en sycomore ond\u00e9 teint\u00e9.<\/p>\n<ul>\n<li>1 Humidificateur.<\/li>\n<li>1 Hygrom\u00e8tre \u00e0 aiguille.<\/li>\n<\/ul>\n<p>30 x 24.5 x 11.5 cm<\/p>","protected":false},"excerpt":{"rendered":"<p>FRUIT BLEU \u2013 75 Cigares.<\/p>","protected":false},"featured_media":14793,"template":"","meta":{"_acf_changed":false},"product_cat":[16841],"product_tag":[],"bundled_by":[],"bundle_stock_status":"outofstock","bundle_stock_quantity":0,"bundle_virtual":false,"bundle_layout":"","bundle_add_to_cart_form_location":"","bundle_editable_in_cart":false,"bundle_sold_individually_context":"","bundle_item_grouping":"","bundle_min_size":"","bundle_max_size":"","bundled_items":[],"acf":[],"_links":{"self":[{"href":"https:\/\/beta.alpscigar.com\/zh\/wp-json\/wp\/v2\/product\/14790"}],"collection":[{"href":"https:\/\/beta.alpscigar.com\/zh\/wp-json\/wp\/v2\/product"}],"about":[{"href":"https:\/\/beta.alpscigar.com\/zh\/wp-json\/wp\/v2\/types\/product"}],"wp:featuredmedia":[{"embeddable":true,"href":"https:\/\/beta.alpscigar.com\/zh\/wp-json\/wp\/v2\/media\/14793"}],"wp:attachment":[{"href":"https:\/\/beta.alpscigar.com\/zh\/wp-json\/wp\/v2\/media?parent=14790"}],"wp:term":[{"taxonomy":"product_cat","embeddable":true,"href":"https:\/\/beta.alpscigar.com\/zh\/wp-json\/wp\/v2\/product_cat?post=14790"},{"taxonomy":"product_tag","embeddable":true,"href":"https:\/\/beta.alpscigar.com\/zh\/wp-json\/wp\/v2\/product_tag?post=14790"}],"curies":[{"name":"wp","href":"https:\/\/api.w.org\/{rel}","templated":true}]}}